{"id":457,"date":"2025-10-24T12:27:30","date_gmt":"2025-10-24T10:27:30","guid":{"rendered":"https:\/\/urszulagalazka.eu\/?page_id=457"},"modified":"2026-03-24T10:25:57","modified_gmt":"2026-03-24T09:25:57","slug":"dtp","status":"publish","type":"page","link":"https:\/\/urszulagalazka.eu\/?page_id=457","title":{"rendered":"DTP"},"content":{"rendered":"\n<h2 class=\"wp-block-heading\">Praca dyplomowa w pierwszej pracowni.<\/h2>\n\n\n\n<p>Kiedy sz\u0142am na studia wiedzia\u0142am, \u017ce moj\u0105 prac\u0105 dyplomow\u0105 b\u0119dzie ksi\u0105\u017cka. Mia\u0142am na ni\u0105 ju\u017c gotowy pomys\u0142 i &#8230; Po trzech latach okaza\u0142o si\u0119, \u017ce faktycznie b\u0119d\u0119 robi\u0107 ksi\u0105\u017ck\u0119 w ramach pierwszej pracowni ale b\u0119dzie to ksi\u0105\u017cka artystyczna. <\/p>\n\n\n\n<p>Praca dyplomowa by\u0142a jedyn\u0105 okazj\u0105 \u017ceby poszale\u0107, wi\u0119c zamiast planowanej tradycyjnej ksi\u0105\u017cki zrobi\u0142am szalon\u0105 ksi\u0105\u017ck\u0119 ze swoimi ilustracjami do swoich wierszy. W dodatku ka\u017cda ilustracja sk\u0142ada si\u0119 z trzech rysunk\u00f3w na\u0142o\u017conych na siebie i ukazuj\u0105cych si\u0119 dopiero po u\u017cyciu odpowiedniego filtru. Poza tym strony maj\u0105 w niej r\u00f3\u017cn\u0105 wielko\u015b\u0107. <\/p>\n\n\n\n<p>Ilustracje mog\u0142am wykona\u0107 tak jak lubi\u0119 czyli r\u0119cznie rysowa\u0142am ka\u017cd\u0105 z nich a \u017ce do ka\u017cdego wiersza by\u0142y potrzebne a\u017c trzy to mo\u017cna powiedzie\u0107 \u017ce napracowa\u0142am si\u0119 potr\u00f3jnie. Ilustracje te te\u017c zosta\u0142y potem wykorzystane w animacji, kt\u00f3ra powsta\u0142a w ramach drugiej pracowni dyplomowej.<\/p>\n\n\n\n<p>Poni\u017cej kilka skan\u00f3w z rozk\u0142ad\u00f3wki ksi\u0105\u017cki wraz z u\u017cyciem filtr\u00f3w.<\/p>\n\n\n\n<figure class=\"wp-block-image size-large\"><a href=\"https:\/\/urszulagalazka.eu\/wp-content\/uploads\/2025\/10\/Rozkladowka3.jpg\"><img loading=\"lazy\" decoding=\"async\" width=\"1024\" height=\"719\" src=\"https:\/\/urszulagalazka.eu\/wp-content\/uploads\/2025\/10\/Rozkladowka3.jpg\" alt=\"\" class=\"wp-image-464\" srcset=\"https:\/\/urszulagalazka.eu\/wp-content\/uploads\/2025\/10\/Rozkladowka3.jpg 1024w, https:\/\/urszulagalazka.eu\/wp-content\/uploads\/2025\/10\/Rozkladowka3-300x211.jpg 300w, https:\/\/urszulagalazka.eu\/wp-content\/uploads\/2025\/10\/Rozkladowka3-768x539.jpg 768w\" sizes=\"auto, (max-width: 1024px) 100vw, 1024px\" \/><\/a><\/figure>\n\n\n\n<figure class=\"wp-block-image size-large\"><a href=\"https:\/\/urszulagalazka.eu\/wp-content\/uploads\/2025\/10\/Rozkladowka1.jpg\"><img loading=\"lazy\" decoding=\"async\" width=\"718\" height=\"501\" src=\"https:\/\/urszulagalazka.eu\/wp-content\/uploads\/2025\/10\/Rozkladowka1.jpg\" alt=\"\" class=\"wp-image-460\" srcset=\"https:\/\/urszulagalazka.eu\/wp-content\/uploads\/2025\/10\/Rozkladowka1.jpg 718w, https:\/\/urszulagalazka.eu\/wp-content\/uploads\/2025\/10\/Rozkladowka1-300x209.jpg 300w\" sizes=\"auto, (max-width: 718px) 100vw, 718px\" \/><\/a><\/figure>\n\n\n\n<figure class=\"wp-block-image size-large\"><a href=\"https:\/\/urszulagalazka.eu\/wp-content\/uploads\/2025\/10\/Rozkladowka1ZFiltrem.jpg\"><img loading=\"lazy\" decoding=\"async\" width=\"718\" height=\"501\" src=\"https:\/\/urszulagalazka.eu\/wp-content\/uploads\/2025\/10\/Rozkladowka1ZFiltrem.jpg\" alt=\"\" class=\"wp-image-463\" srcset=\"https:\/\/urszulagalazka.eu\/wp-content\/uploads\/2025\/10\/Rozkladowka1ZFiltrem.jpg 718w, https:\/\/urszulagalazka.eu\/wp-content\/uploads\/2025\/10\/Rozkladowka1ZFiltrem-300x209.jpg 300w\" sizes=\"auto, (max-width: 718px) 100vw, 718px\" \/><\/a><\/figure>\n\n\n\n<figure class=\"wp-block-image size-large\"><a href=\"https:\/\/urszulagalazka.eu\/wp-content\/uploads\/2025\/10\/Rozkladowka2.jpg\"><img loading=\"lazy\" decoding=\"async\" width=\"591\" height=\"501\" src=\"https:\/\/urszulagalazka.eu\/wp-content\/uploads\/2025\/10\/Rozkladowka2.jpg\" alt=\"\" class=\"wp-image-462\" srcset=\"https:\/\/urszulagalazka.eu\/wp-content\/uploads\/2025\/10\/Rozkladowka2.jpg 591w, https:\/\/urszulagalazka.eu\/wp-content\/uploads\/2025\/10\/Rozkladowka2-300x254.jpg 300w\" sizes=\"auto, (max-width: 591px) 100vw, 591px\" \/><\/a><\/figure>\n\n\n\n<figure class=\"wp-block-image size-large\"><a href=\"https:\/\/urszulagalazka.eu\/wp-content\/uploads\/2025\/10\/Rozkladowka2ZFiltrem.jpg\"><img loading=\"lazy\" decoding=\"async\" width=\"591\" height=\"501\" src=\"https:\/\/urszulagalazka.eu\/wp-content\/uploads\/2025\/10\/Rozkladowka2ZFiltrem.jpg\" alt=\"\" class=\"wp-image-461\" srcset=\"https:\/\/urszulagalazka.eu\/wp-content\/uploads\/2025\/10\/Rozkladowka2ZFiltrem.jpg 591w, https:\/\/urszulagalazka.eu\/wp-content\/uploads\/2025\/10\/Rozkladowka2ZFiltrem-300x254.jpg 300w\" sizes=\"auto, (max-width: 591px) 100vw, 591px\" \/><\/a><\/figure>\n\n\n\n<h2 class=\"wp-block-heading\">Prace wykonane w pracowni ksi\u0105\u017cki i ilustracji<\/h2>\n\n\n\n<p>W ramach pracowni projektowania ksi\u0105\u017cki i illustracji, mieli\u015bmy do wykonania mi\u0119dzy innymi zadanie z projektem kartek pocztowych na has\u0142a, kt\u00f3re by\u0142y powszechnie u\u017cywanymi powiedzonkami.<\/p>\n\n\n\n<p>Nie mia\u0142am problemu z tym zdaniem poniewa\u017c pomys\u0142y same przychodzi\u0142y mi do g\u0142owy. \u017beby nad\u0105\u017cy\u0107 je rysowa\u0107 musia\u0142am wybra\u0107 odpowiednie narz\u0119dzie &#8211; by\u0142y to czarne pisaki o r\u00f3\u017cnych ko\u0144c\u00f3wkach. <\/p>\n\n\n\n<p>Tak samo powstawa\u0142y ilustracje do dw\u00f3ch pozosta\u0142ych ksi\u0105\u017cek. Pomys\u0142, potem szybki szkic i weryfikacja czy si\u0119 nadaje.<\/p>\n\n\n\n<h2 class=\"wp-block-heading\">Kartki z ilustracjami na zadane has\u0142a.<\/h2>\n\n\n\n<p>Dostali\u015bmy r\u00f3\u017cne powiedzonka i zadanie je zilustrowa\u0107. Poniewa\u017c zadanie by\u0142o niezwykle kreatywne to na niekt\u00f3re has\u0142a zrobi\u0142am wi\u0119cej ilustracji. Ilustracje wraz z podpisami tworzyli\u015bmy w formacie poczt\u00f3wki.<\/p>\n\n\n\n<figure class=\"wp-block-gallery has-nested-images columns-default is-cropped wp-block-gallery-1 is-layout-flex wp-block-gallery-is-layout-flex\">\n<figure class=\"wp-block-image size-large\"><a href=\"https:\/\/urszulagalazka.eu\/wp-content\/uploads\/2025\/10\/quickShorts1.jpg\"><img loading=\"lazy\" decoding=\"async\" width=\"1024\" height=\"748\" data-id=\"466\" src=\"https:\/\/urszulagalazka.eu\/wp-content\/uploads\/2025\/10\/quickShorts1.jpg\" alt=\"\" class=\"wp-image-466\" srcset=\"https:\/\/urszulagalazka.eu\/wp-content\/uploads\/2025\/10\/quickShorts1.jpg 1024w, https:\/\/urszulagalazka.eu\/wp-content\/uploads\/2025\/10\/quickShorts1-300x219.jpg 300w, https:\/\/urszulagalazka.eu\/wp-content\/uploads\/2025\/10\/quickShorts1-768x561.jpg 768w\" sizes=\"auto, (max-width: 1024px) 100vw, 1024px\" \/><\/a><\/figure>\n\n\n\n<figure class=\"wp-block-image size-large\"><a href=\"https:\/\/urszulagalazka.eu\/wp-content\/uploads\/2025\/10\/quickShorts2.jpg\"><img loading=\"lazy\" decoding=\"async\" width=\"1024\" height=\"737\" data-id=\"471\" src=\"https:\/\/urszulagalazka.eu\/wp-content\/uploads\/2025\/10\/quickShorts2.jpg\" alt=\"\" class=\"wp-image-471\" srcset=\"https:\/\/urszulagalazka.eu\/wp-content\/uploads\/2025\/10\/quickShorts2.jpg 1024w, https:\/\/urszulagalazka.eu\/wp-content\/uploads\/2025\/10\/quickShorts2-300x216.jpg 300w, https:\/\/urszulagalazka.eu\/wp-content\/uploads\/2025\/10\/quickShorts2-768x553.jpg 768w\" sizes=\"auto, (max-width: 1024px) 100vw, 1024px\" \/><\/a><\/figure>\n\n\n\n<figure class=\"wp-block-image size-large\"><a href=\"https:\/\/urszulagalazka.eu\/wp-content\/uploads\/2025\/10\/quickShorts3.jpg\"><img loading=\"lazy\" decoding=\"async\" width=\"1024\" height=\"735\" data-id=\"469\" src=\"https:\/\/urszulagalazka.eu\/wp-content\/uploads\/2025\/10\/quickShorts3.jpg\" alt=\"\" class=\"wp-image-469\" srcset=\"https:\/\/urszulagalazka.eu\/wp-content\/uploads\/2025\/10\/quickShorts3.jpg 1024w, https:\/\/urszulagalazka.eu\/wp-content\/uploads\/2025\/10\/quickShorts3-300x215.jpg 300w, https:\/\/urszulagalazka.eu\/wp-content\/uploads\/2025\/10\/quickShorts3-768x551.jpg 768w\" sizes=\"auto, (max-width: 1024px) 100vw, 1024px\" \/><\/a><\/figure>\n\n\n\n<figure class=\"wp-block-image size-large\"><a href=\"https:\/\/urszulagalazka.eu\/wp-content\/uploads\/2025\/10\/quickShorts4.jpg\"><img loading=\"lazy\" decoding=\"async\" width=\"1024\" height=\"735\" data-id=\"468\" src=\"https:\/\/urszulagalazka.eu\/wp-content\/uploads\/2025\/10\/quickShorts4.jpg\" alt=\"\" class=\"wp-image-468\" srcset=\"https:\/\/urszulagalazka.eu\/wp-content\/uploads\/2025\/10\/quickShorts4.jpg 1024w, https:\/\/urszulagalazka.eu\/wp-content\/uploads\/2025\/10\/quickShorts4-300x215.jpg 300w, https:\/\/urszulagalazka.eu\/wp-content\/uploads\/2025\/10\/quickShorts4-768x551.jpg 768w\" sizes=\"auto, (max-width: 1024px) 100vw, 1024px\" \/><\/a><\/figure>\n\n\n\n<figure class=\"wp-block-image size-large\"><a href=\"https:\/\/urszulagalazka.eu\/wp-content\/uploads\/2025\/10\/quickShorts5.jpg\"><img loading=\"lazy\" decoding=\"async\" width=\"1024\" height=\"732\" data-id=\"472\" src=\"https:\/\/urszulagalazka.eu\/wp-content\/uploads\/2025\/10\/quickShorts5.jpg\" alt=\"\" class=\"wp-image-472\" srcset=\"https:\/\/urszulagalazka.eu\/wp-content\/uploads\/2025\/10\/quickShorts5.jpg 1024w, https:\/\/urszulagalazka.eu\/wp-content\/uploads\/2025\/10\/quickShorts5-300x214.jpg 300w, https:\/\/urszulagalazka.eu\/wp-content\/uploads\/2025\/10\/quickShorts5-768x549.jpg 768w\" sizes=\"auto, (max-width: 1024px) 100vw, 1024px\" \/><\/a><\/figure>\n<\/figure>\n\n\n\n<figure class=\"wp-block-gallery has-nested-images columns-default is-cropped wp-block-gallery-2 is-layout-flex wp-block-gallery-is-layout-flex\">\n<figure class=\"wp-block-image size-large\"><a href=\"https:\/\/urszulagalazka.eu\/wp-content\/uploads\/2025\/10\/quickShorts6-1.jpg\"><img loading=\"lazy\" decoding=\"async\" width=\"743\" height=\"1024\" data-id=\"473\" src=\"https:\/\/urszulagalazka.eu\/wp-content\/uploads\/2025\/10\/quickShorts6-1.jpg\" alt=\"\" class=\"wp-image-473\" srcset=\"https:\/\/urszulagalazka.eu\/wp-content\/uploads\/2025\/10\/quickShorts6-1.jpg 743w, https:\/\/urszulagalazka.eu\/wp-content\/uploads\/2025\/10\/quickShorts6-1-218x300.jpg 218w\" sizes=\"auto, (max-width: 743px) 100vw, 743px\" \/><\/a><\/figure>\n\n\n\n<figure class=\"wp-block-image size-large\"><a href=\"https:\/\/urszulagalazka.eu\/wp-content\/uploads\/2025\/10\/quickShorts7-1.jpg\"><img loading=\"lazy\" decoding=\"async\" width=\"758\" height=\"1024\" data-id=\"474\" src=\"https:\/\/urszulagalazka.eu\/wp-content\/uploads\/2025\/10\/quickShorts7-1.jpg\" alt=\"\" class=\"wp-image-474\" srcset=\"https:\/\/urszulagalazka.eu\/wp-content\/uploads\/2025\/10\/quickShorts7-1.jpg 758w, https:\/\/urszulagalazka.eu\/wp-content\/uploads\/2025\/10\/quickShorts7-1-222x300.jpg 222w\" sizes=\"auto, (max-width: 758px) 100vw, 758px\" \/><\/a><\/figure>\n<\/figure>\n\n\n\n<h2 class=\"wp-block-heading\">Ksi\u0105\u017cka z has\u0142ami.<\/h2>\n\n\n\n<p>Ksi\u0105\u017cka Book of Characters powsta\u0142a jako jedno z zada\u0144. Mieli\u015bmy zilustrowa\u0107 r\u00f3\u017cne zachowania ludzkie, cechy czy przywary. Przy odpowiedniej dawce humoru wysz\u0142a ksi\u0105\u017cka z ilustracjami pe\u0142nymi dowcipu, lekkiej ironii i kto wie czy nie autorefleksji. Poni\u017cej s\u0105 rozk\u0142ad\u00f3wki z ksi\u0105\u017cki:<\/p>\n\n\n\n<figure class=\"wp-block-gallery has-nested-images columns-default is-cropped wp-block-gallery-3 is-layout-flex wp-block-gallery-is-layout-flex\">\n<figure class=\"wp-block-image size-large\"><a href=\"https:\/\/urszulagalazka.eu\/wp-content\/uploads\/2025\/10\/BookOfChar1.jpg\"><img loading=\"lazy\" decoding=\"async\" width=\"1024\" height=\"719\" data-id=\"485\" src=\"https:\/\/urszulagalazka.eu\/wp-content\/uploads\/2025\/10\/BookOfChar1-1024x719.jpg\" alt=\"\" class=\"wp-image-485\" srcset=\"https:\/\/urszulagalazka.eu\/wp-content\/uploads\/2025\/10\/BookOfChar1-1024x719.jpg 1024w, https:\/\/urszulagalazka.eu\/wp-content\/uploads\/2025\/10\/BookOfChar1-300x211.jpg 300w, https:\/\/urszulagalazka.eu\/wp-content\/uploads\/2025\/10\/BookOfChar1-768x539.jpg 768w, https:\/\/urszulagalazka.eu\/wp-content\/uploads\/2025\/10\/BookOfChar1.jpg 1504w\" sizes=\"auto, (max-width: 1024px) 100vw, 1024px\" \/><\/a><\/figure>\n\n\n\n<figure class=\"wp-block-image size-large\"><a href=\"https:\/\/urszulagalazka.eu\/wp-content\/uploads\/2025\/10\/BookOfChar2.jpg\"><img loading=\"lazy\" decoding=\"async\" width=\"1024\" height=\"719\" data-id=\"487\" src=\"https:\/\/urszulagalazka.eu\/wp-content\/uploads\/2025\/10\/BookOfChar2-1024x719.jpg\" alt=\"\" class=\"wp-image-487\" srcset=\"https:\/\/urszulagalazka.eu\/wp-content\/uploads\/2025\/10\/BookOfChar2-1024x719.jpg 1024w, https:\/\/urszulagalazka.eu\/wp-content\/uploads\/2025\/10\/BookOfChar2-300x211.jpg 300w, https:\/\/urszulagalazka.eu\/wp-content\/uploads\/2025\/10\/BookOfChar2-768x539.jpg 768w, https:\/\/urszulagalazka.eu\/wp-content\/uploads\/2025\/10\/BookOfChar2.jpg 1504w\" sizes=\"auto, (max-width: 1024px) 100vw, 1024px\" \/><\/a><\/figure>\n\n\n\n<figure class=\"wp-block-image size-large\"><a href=\"https:\/\/urszulagalazka.eu\/wp-content\/uploads\/2025\/10\/BookOfChar3.jpg\"><img loading=\"lazy\" decoding=\"async\" width=\"1024\" height=\"719\" data-id=\"489\" src=\"https:\/\/urszulagalazka.eu\/wp-content\/uploads\/2025\/10\/BookOfChar3-1024x719.jpg\" alt=\"\" class=\"wp-image-489\" srcset=\"https:\/\/urszulagalazka.eu\/wp-content\/uploads\/2025\/10\/BookOfChar3-1024x719.jpg 1024w, https:\/\/urszulagalazka.eu\/wp-content\/uploads\/2025\/10\/BookOfChar3-300x211.jpg 300w, https:\/\/urszulagalazka.eu\/wp-content\/uploads\/2025\/10\/BookOfChar3-768x539.jpg 768w, https:\/\/urszulagalazka.eu\/wp-content\/uploads\/2025\/10\/BookOfChar3.jpg 1504w\" sizes=\"auto, (max-width: 1024px) 100vw, 1024px\" \/><\/a><\/figure>\n\n\n\n<figure class=\"wp-block-image size-large\"><a href=\"https:\/\/urszulagalazka.eu\/wp-content\/uploads\/2025\/10\/BookOfChar4.jpg\"><img loading=\"lazy\" decoding=\"async\" width=\"1024\" height=\"719\" data-id=\"484\" src=\"https:\/\/urszulagalazka.eu\/wp-content\/uploads\/2025\/10\/BookOfChar4-1024x719.jpg\" alt=\"\" class=\"wp-image-484\" srcset=\"https:\/\/urszulagalazka.eu\/wp-content\/uploads\/2025\/10\/BookOfChar4-1024x719.jpg 1024w, https:\/\/urszulagalazka.eu\/wp-content\/uploads\/2025\/10\/BookOfChar4-300x211.jpg 300w, https:\/\/urszulagalazka.eu\/wp-content\/uploads\/2025\/10\/BookOfChar4-768x539.jpg 768w, https:\/\/urszulagalazka.eu\/wp-content\/uploads\/2025\/10\/BookOfChar4.jpg 1504w\" sizes=\"auto, (max-width: 1024px) 100vw, 1024px\" \/><\/a><\/figure>\n\n\n\n<figure class=\"wp-block-image size-large\"><a href=\"https:\/\/urszulagalazka.eu\/wp-content\/uploads\/2025\/10\/BookOfChar5.jpg\"><img loading=\"lazy\" decoding=\"async\" width=\"1024\" height=\"719\" data-id=\"483\" src=\"https:\/\/urszulagalazka.eu\/wp-content\/uploads\/2025\/10\/BookOfChar5-1024x719.jpg\" alt=\"\" class=\"wp-image-483\" srcset=\"https:\/\/urszulagalazka.eu\/wp-content\/uploads\/2025\/10\/BookOfChar5-1024x719.jpg 1024w, https:\/\/urszulagalazka.eu\/wp-content\/uploads\/2025\/10\/BookOfChar5-300x211.jpg 300w, https:\/\/urszulagalazka.eu\/wp-content\/uploads\/2025\/10\/BookOfChar5-768x539.jpg 768w, https:\/\/urszulagalazka.eu\/wp-content\/uploads\/2025\/10\/BookOfChar5.jpg 1504w\" sizes=\"auto, (max-width: 1024px) 100vw, 1024px\" \/><\/a><\/figure>\n\n\n\n<figure class=\"wp-block-image size-large\"><a href=\"https:\/\/urszulagalazka.eu\/wp-content\/uploads\/2025\/10\/BookOfChar6.jpg\"><img loading=\"lazy\" decoding=\"async\" width=\"1024\" height=\"719\" data-id=\"492\" src=\"https:\/\/urszulagalazka.eu\/wp-content\/uploads\/2025\/10\/BookOfChar6-1024x719.jpg\" alt=\"\" class=\"wp-image-492\" srcset=\"https:\/\/urszulagalazka.eu\/wp-content\/uploads\/2025\/10\/BookOfChar6-1024x719.jpg 1024w, https:\/\/urszulagalazka.eu\/wp-content\/uploads\/2025\/10\/BookOfChar6-300x211.jpg 300w, https:\/\/urszulagalazka.eu\/wp-content\/uploads\/2025\/10\/BookOfChar6-768x539.jpg 768w, https:\/\/urszulagalazka.eu\/wp-content\/uploads\/2025\/10\/BookOfChar6.jpg 1504w\" sizes=\"auto, (max-width: 1024px) 100vw, 1024px\" \/><\/a><\/figure>\n\n\n\n<figure class=\"wp-block-image size-large\"><a href=\"https:\/\/urszulagalazka.eu\/wp-content\/uploads\/2025\/10\/BookOfChar7.jpg\"><img loading=\"lazy\" decoding=\"async\" width=\"1024\" height=\"719\" data-id=\"490\" src=\"https:\/\/urszulagalazka.eu\/wp-content\/uploads\/2025\/10\/BookOfChar7-1024x719.jpg\" alt=\"\" class=\"wp-image-490\" srcset=\"https:\/\/urszulagalazka.eu\/wp-content\/uploads\/2025\/10\/BookOfChar7-1024x719.jpg 1024w, https:\/\/urszulagalazka.eu\/wp-content\/uploads\/2025\/10\/BookOfChar7-300x211.jpg 300w, https:\/\/urszulagalazka.eu\/wp-content\/uploads\/2025\/10\/BookOfChar7-768x539.jpg 768w, https:\/\/urszulagalazka.eu\/wp-content\/uploads\/2025\/10\/BookOfChar7.jpg 1504w\" sizes=\"auto, (max-width: 1024px) 100vw, 1024px\" \/><\/a><\/figure>\n\n\n\n<figure class=\"wp-block-image size-large\"><a href=\"https:\/\/urszulagalazka.eu\/wp-content\/uploads\/2025\/10\/BookOfChar8.jpg\"><img loading=\"lazy\" decoding=\"async\" width=\"1024\" height=\"719\" data-id=\"488\" src=\"https:\/\/urszulagalazka.eu\/wp-content\/uploads\/2025\/10\/BookOfChar8-1024x719.jpg\" alt=\"\" class=\"wp-image-488\" srcset=\"https:\/\/urszulagalazka.eu\/wp-content\/uploads\/2025\/10\/BookOfChar8-1024x719.jpg 1024w, https:\/\/urszulagalazka.eu\/wp-content\/uploads\/2025\/10\/BookOfChar8-300x211.jpg 300w, https:\/\/urszulagalazka.eu\/wp-content\/uploads\/2025\/10\/BookOfChar8-768x539.jpg 768w, https:\/\/urszulagalazka.eu\/wp-content\/uploads\/2025\/10\/BookOfChar8.jpg 1504w\" sizes=\"auto, (max-width: 1024px) 100vw, 1024px\" \/><\/a><\/figure>\n\n\n\n<figure class=\"wp-block-image size-large\"><a href=\"https:\/\/urszulagalazka.eu\/wp-content\/uploads\/2025\/10\/BookOfChar9.jpg\"><img loading=\"lazy\" decoding=\"async\" width=\"1024\" height=\"719\" data-id=\"486\" src=\"https:\/\/urszulagalazka.eu\/wp-content\/uploads\/2025\/10\/BookOfChar9-1024x719.jpg\" alt=\"\" class=\"wp-image-486\" srcset=\"https:\/\/urszulagalazka.eu\/wp-content\/uploads\/2025\/10\/BookOfChar9-1024x719.jpg 1024w, https:\/\/urszulagalazka.eu\/wp-content\/uploads\/2025\/10\/BookOfChar9-300x211.jpg 300w, https:\/\/urszulagalazka.eu\/wp-content\/uploads\/2025\/10\/BookOfChar9-768x539.jpg 768w, https:\/\/urszulagalazka.eu\/wp-content\/uploads\/2025\/10\/BookOfChar9.jpg 1504w\" sizes=\"auto, (max-width: 1024px) 100vw, 1024px\" \/><\/a><\/figure>\n\n\n\n<figure class=\"wp-block-image size-large\"><a href=\"https:\/\/urszulagalazka.eu\/wp-content\/uploads\/2025\/10\/BookOfChar10.jpg\"><img loading=\"lazy\" decoding=\"async\" width=\"1024\" height=\"719\" data-id=\"493\" src=\"https:\/\/urszulagalazka.eu\/wp-content\/uploads\/2025\/10\/BookOfChar10-1024x719.jpg\" alt=\"\" class=\"wp-image-493\" srcset=\"https:\/\/urszulagalazka.eu\/wp-content\/uploads\/2025\/10\/BookOfChar10-1024x719.jpg 1024w, https:\/\/urszulagalazka.eu\/wp-content\/uploads\/2025\/10\/BookOfChar10-300x211.jpg 300w, https:\/\/urszulagalazka.eu\/wp-content\/uploads\/2025\/10\/BookOfChar10-768x539.jpg 768w, https:\/\/urszulagalazka.eu\/wp-content\/uploads\/2025\/10\/BookOfChar10.jpg 1504w\" sizes=\"auto, (max-width: 1024px) 100vw, 1024px\" \/><\/a><\/figure>\n\n\n\n<figure class=\"wp-block-image size-large\"><a href=\"https:\/\/urszulagalazka.eu\/wp-content\/uploads\/2025\/10\/BookOfChar11.jpg\"><img loading=\"lazy\" decoding=\"async\" width=\"1024\" height=\"719\" data-id=\"491\" src=\"https:\/\/urszulagalazka.eu\/wp-content\/uploads\/2025\/10\/BookOfChar11-1024x719.jpg\" alt=\"\" class=\"wp-image-491\" srcset=\"https:\/\/urszulagalazka.eu\/wp-content\/uploads\/2025\/10\/BookOfChar11-1024x719.jpg 1024w, https:\/\/urszulagalazka.eu\/wp-content\/uploads\/2025\/10\/BookOfChar11-300x211.jpg 300w, https:\/\/urszulagalazka.eu\/wp-content\/uploads\/2025\/10\/BookOfChar11-768x539.jpg 768w, https:\/\/urszulagalazka.eu\/wp-content\/uploads\/2025\/10\/BookOfChar11.jpg 1504w\" sizes=\"auto, (max-width: 1024px) 100vw, 1024px\" \/><\/a><\/figure>\n<\/figure>\n\n\n\n<p><\/p>\n\n\n\n<h2 class=\"wp-block-heading\">Ksi\u0105\u017cka z ilustracjami wierszy dla dzieci<\/h2>\n\n\n\n<p>Na tych wierszach wychowa\u0142y si\u0119 ca\u0142e pokolenia. Znamy je na pami\u0119\u0107. Dlatego by\u0142o to dla mnie niesamowite, \u017ce mog\u0119 teraz sama zrobi\u0107 ilustracje do wybranych wierszy ZOO Jana Brzechwy, kt\u00f3re znam z dzieci\u0144stwa. <\/p>\n\n\n\n<figure class=\"wp-block-image size-large\"><a href=\"https:\/\/urszulagalazka.eu\/wp-content\/uploads\/2025\/10\/JanBrzechwaZoo1-1.jpg\"><img loading=\"lazy\" decoding=\"async\" width=\"1024\" height=\"513\" src=\"https:\/\/urszulagalazka.eu\/wp-content\/uploads\/2025\/10\/JanBrzechwaZoo1-1-1024x513.jpg\" alt=\"\" class=\"wp-image-502\" srcset=\"https:\/\/urszulagalazka.eu\/wp-content\/uploads\/2025\/10\/JanBrzechwaZoo1-1-1024x513.jpg 1024w, https:\/\/urszulagalazka.eu\/wp-content\/uploads\/2025\/10\/JanBrzechwaZoo1-1-300x150.jpg 300w, https:\/\/urszulagalazka.eu\/wp-content\/uploads\/2025\/10\/JanBrzechwaZoo1-1-768x384.jpg 768w, https:\/\/urszulagalazka.eu\/wp-content\/uploads\/2025\/10\/JanBrzechwaZoo1-1-1536x769.jpg 1536w, https:\/\/urszulagalazka.eu\/wp-content\/uploads\/2025\/10\/JanBrzechwaZoo1-1.jpg 1802w\" sizes=\"auto, (max-width: 1024px) 100vw, 1024px\" \/><\/a><\/figure>\n\n\n\n<figure class=\"wp-block-image size-large\"><a href=\"https:\/\/urszulagalazka.eu\/wp-content\/uploads\/2025\/10\/JanBrzechwaZoo2-1.jpg\"><img loading=\"lazy\" decoding=\"async\" width=\"1024\" height=\"513\" src=\"https:\/\/urszulagalazka.eu\/wp-content\/uploads\/2025\/10\/JanBrzechwaZoo2-1-1024x513.jpg\" alt=\"\" class=\"wp-image-503\" srcset=\"https:\/\/urszulagalazka.eu\/wp-content\/uploads\/2025\/10\/JanBrzechwaZoo2-1-1024x513.jpg 1024w, https:\/\/urszulagalazka.eu\/wp-content\/uploads\/2025\/10\/JanBrzechwaZoo2-1-300x150.jpg 300w, https:\/\/urszulagalazka.eu\/wp-content\/uploads\/2025\/10\/JanBrzechwaZoo2-1-768x384.jpg 768w, https:\/\/urszulagalazka.eu\/wp-content\/uploads\/2025\/10\/JanBrzechwaZoo2-1-1536x769.jpg 1536w, https:\/\/urszulagalazka.eu\/wp-content\/uploads\/2025\/10\/JanBrzechwaZoo2-1.jpg 1802w\" sizes=\"auto, (max-width: 1024px) 100vw, 1024px\" \/><\/a><\/figure>\n\n\n\n<figure class=\"wp-block-image size-large\"><a href=\"https:\/\/urszulagalazka.eu\/wp-content\/uploads\/2025\/10\/JanBrzechwaZoo3-1.jpg\"><img loading=\"lazy\" decoding=\"async\" width=\"1024\" height=\"513\" src=\"https:\/\/urszulagalazka.eu\/wp-content\/uploads\/2025\/10\/JanBrzechwaZoo3-1-1024x513.jpg\" alt=\"\" class=\"wp-image-504\" srcset=\"https:\/\/urszulagalazka.eu\/wp-content\/uploads\/2025\/10\/JanBrzechwaZoo3-1-1024x513.jpg 1024w, https:\/\/urszulagalazka.eu\/wp-content\/uploads\/2025\/10\/JanBrzechwaZoo3-1-300x150.jpg 300w, https:\/\/urszulagalazka.eu\/wp-content\/uploads\/2025\/10\/JanBrzechwaZoo3-1-768x384.jpg 768w, https:\/\/urszulagalazka.eu\/wp-content\/uploads\/2025\/10\/JanBrzechwaZoo3-1-1536x769.jpg 1536w, https:\/\/urszulagalazka.eu\/wp-content\/uploads\/2025\/10\/JanBrzechwaZoo3-1.jpg 1802w\" sizes=\"auto, (max-width: 1024px) 100vw, 1024px\" \/><\/a><\/figure>\n\n\n\n<figure class=\"wp-block-image size-large\"><a href=\"https:\/\/urszulagalazka.eu\/wp-content\/uploads\/2025\/10\/JanBrzechwaZoo4-1.jpg\"><img loading=\"lazy\" decoding=\"async\" width=\"1024\" height=\"513\" src=\"https:\/\/urszulagalazka.eu\/wp-content\/uploads\/2025\/10\/JanBrzechwaZoo4-1-1024x513.jpg\" alt=\"\" class=\"wp-image-505\" srcset=\"https:\/\/urszulagalazka.eu\/wp-content\/uploads\/2025\/10\/JanBrzechwaZoo4-1-1024x513.jpg 1024w, https:\/\/urszulagalazka.eu\/wp-content\/uploads\/2025\/10\/JanBrzechwaZoo4-1-300x150.jpg 300w, https:\/\/urszulagalazka.eu\/wp-content\/uploads\/2025\/10\/JanBrzechwaZoo4-1-768x384.jpg 768w, https:\/\/urszulagalazka.eu\/wp-content\/uploads\/2025\/10\/JanBrzechwaZoo4-1-1536x769.jpg 1536w, https:\/\/urszulagalazka.eu\/wp-content\/uploads\/2025\/10\/JanBrzechwaZoo4-1.jpg 1802w\" sizes=\"auto, (max-width: 1024px) 100vw, 1024px\" \/><\/a><\/figure>\n\n\n\n<figure class=\"wp-block-image size-large\"><a href=\"https:\/\/urszulagalazka.eu\/wp-content\/uploads\/2025\/10\/JanBrzechwaZoo5-1.jpg\"><img loading=\"lazy\" decoding=\"async\" width=\"1024\" height=\"513\" src=\"https:\/\/urszulagalazka.eu\/wp-content\/uploads\/2025\/10\/JanBrzechwaZoo5-1-1024x513.jpg\" alt=\"\" class=\"wp-image-506\" srcset=\"https:\/\/urszulagalazka.eu\/wp-content\/uploads\/2025\/10\/JanBrzechwaZoo5-1-1024x513.jpg 1024w, https:\/\/urszulagalazka.eu\/wp-content\/uploads\/2025\/10\/JanBrzechwaZoo5-1-300x150.jpg 300w, https:\/\/urszulagalazka.eu\/wp-content\/uploads\/2025\/10\/JanBrzechwaZoo5-1-768x384.jpg 768w, https:\/\/urszulagalazka.eu\/wp-content\/uploads\/2025\/10\/JanBrzechwaZoo5-1-1536x769.jpg 1536w, https:\/\/urszulagalazka.eu\/wp-content\/uploads\/2025\/10\/JanBrzechwaZoo5-1.jpg 1802w\" sizes=\"auto, (max-width: 1024px) 100vw, 1024px\" \/><\/a><\/figure>\n","protected":false},"excerpt":{"rendered":"<p>Praca dyplomowa w pierwszej pracowni. Kiedy sz\u0142am na studia wiedzia\u0142am, \u017ce moj\u0105 prac\u0105 dyplomow\u0105 b\u0119dzie ksi\u0105\u017cka. Mia\u0142am na ni\u0105 ju\u017c gotowy pomys\u0142 i &#8230; Po trzech latach okaza\u0142o si\u0119, \u017ce faktycznie b\u0119d\u0119 robi\u0107 ksi\u0105\u017ck\u0119 w ramach pierwszej pracowni ale b\u0119dzie to ksi\u0105\u017cka artystyczna. Praca dyplomowa by\u0142a jedyn\u0105 okazj\u0105 \u017ceby poszale\u0107, wi\u0119c zamiast planowanej tradycyjnej ksi\u0105\u017cki [&hellip;]<\/p>\n","protected":false},"author":1,"featured_media":0,"parent":0,"menu_order":0,"comment_status":"closed","ping_status":"closed","template":"","meta":{"footnotes":""},"class_list":["post-457","page","type-page","status-publish","hentry"],"_links":{"self":[{"href":"https:\/\/urszulagalazka.eu\/index.php?rest_route=\/wp\/v2\/pages\/457","targetHints":{"allow":["GET"]}}],"collection":[{"href":"https:\/\/urszulagalazka.eu\/index.php?rest_route=\/wp\/v2\/pages"}],"about":[{"href":"https:\/\/urszulagalazka.eu\/index.php?rest_route=\/wp\/v2\/types\/page"}],"author":[{"embeddable":true,"href":"https:\/\/urszulagalazka.eu\/index.php?rest_route=\/wp\/v2\/users\/1"}],"replies":[{"embeddable":true,"href":"https:\/\/urszulagalazka.eu\/index.php?rest_route=%2Fwp%2Fv2%2Fcomments&post=457"}],"version-history":[{"count":8,"href":"https:\/\/urszulagalazka.eu\/index.php?rest_route=\/wp\/v2\/pages\/457\/revisions"}],"predecessor-version":[{"id":550,"href":"https:\/\/urszulagalazka.eu\/index.php?rest_route=\/wp\/v2\/pages\/457\/revisions\/550"}],"wp:attachment":[{"href":"https:\/\/urszulagalazka.eu\/index.php?rest_route=%2Fwp%2Fv2%2Fmedia&parent=457"}],"curies":[{"name":"wp","href":"https:\/\/api.w.org\/{rel}","templated":true}]}}