{"id":428,"date":"2025-10-24T11:28:18","date_gmt":"2025-10-24T09:28:18","guid":{"rendered":"https:\/\/urszulagalazka.eu\/?page_id=428"},"modified":"2026-03-24T10:28:50","modified_gmt":"2026-03-24T09:28:50","slug":"ludowe-motywy","status":"publish","type":"page","link":"https:\/\/urszulagalazka.eu\/?page_id=428","title":{"rendered":"Ludowe motywy"},"content":{"rendered":"\n<p>Bardzo lubi\u0119 kolory a ludowe motywy pozwalaj\u0105 na ich u\u017cywanie niemal bez ogranicze\u0144. Lubi\u0119 te\u017c kwiaty i to po\u0142\u0105czenie da\u0142o efekt w postaci kwiatowo-ludowych abstrakcji, kt\u00f3re bywaj\u0105 kolorowe a czasem b\u0142yszcz\u0105ce. Mo\u017cna w nich znale\u017a\u0107 twory  przypominaj\u0105ce kwiaty czy mandal\u0119. Zdarzaj\u0105 si\u0119 w nich te\u017c geometryczne kszta\u0142ty, kt\u00f3re ozdobione misternym wzorem daj\u0105 wra\u017cenie jakby delikatnej, r\u0119cznie robionej koronki.<\/p>\n\n\n\n<p>Tych wzor\u00f3w powsta\u0142o wi\u0119cej i wci\u0105\u017c powstaj\u0105 bo lubi\u0119 w nich zestawia\u0107 kolory i potem je ozdabia\u0107.<\/p>\n\n\n\n<h2 class=\"wp-block-heading\">Mandale<\/h2>\n\n\n\n<figure class=\"wp-block-gallery has-nested-images columns-default is-cropped wp-block-gallery-1 is-layout-flex wp-block-gallery-is-layout-flex\">\n<figure class=\"wp-block-image size-large\"><a href=\"https:\/\/urszulagalazka.eu\/wp-content\/uploads\/2025\/10\/FioletoweMandale1024.jpg\"><img loading=\"lazy\" decoding=\"async\" width=\"1024\" height=\"721\" data-id=\"429\" src=\"https:\/\/urszulagalazka.eu\/wp-content\/uploads\/2025\/10\/FioletoweMandale1024.jpg\" alt=\"\" class=\"wp-image-429\" srcset=\"https:\/\/urszulagalazka.eu\/wp-content\/uploads\/2025\/10\/FioletoweMandale1024.jpg 1024w, https:\/\/urszulagalazka.eu\/wp-content\/uploads\/2025\/10\/FioletoweMandale1024-300x211.jpg 300w, https:\/\/urszulagalazka.eu\/wp-content\/uploads\/2025\/10\/FioletoweMandale1024-768x541.jpg 768w\" sizes=\"auto, (max-width: 1024px) 100vw, 1024px\" \/><\/a><\/figure>\n\n\n\n<figure class=\"wp-block-image size-large\"><a href=\"https:\/\/urszulagalazka.eu\/wp-content\/uploads\/2025\/10\/Mandala1024.jpg\"><img loading=\"lazy\" decoding=\"async\" width=\"1024\" height=\"714\" data-id=\"430\" src=\"https:\/\/urszulagalazka.eu\/wp-content\/uploads\/2025\/10\/Mandala1024.jpg\" alt=\"\" class=\"wp-image-430\" srcset=\"https:\/\/urszulagalazka.eu\/wp-content\/uploads\/2025\/10\/Mandala1024.jpg 1024w, https:\/\/urszulagalazka.eu\/wp-content\/uploads\/2025\/10\/Mandala1024-300x209.jpg 300w, https:\/\/urszulagalazka.eu\/wp-content\/uploads\/2025\/10\/Mandala1024-768x536.jpg 768w\" sizes=\"auto, (max-width: 1024px) 100vw, 1024px\" \/><\/a><\/figure>\n\n\n\n<figure class=\"wp-block-image size-large\"><a href=\"https:\/\/urszulagalazka.eu\/wp-content\/uploads\/2025\/10\/motyl1024.jpg\"><img loading=\"lazy\" decoding=\"async\" width=\"1024\" height=\"719\" data-id=\"431\" src=\"https:\/\/urszulagalazka.eu\/wp-content\/uploads\/2025\/10\/motyl1024.jpg\" alt=\"\" class=\"wp-image-431\" srcset=\"https:\/\/urszulagalazka.eu\/wp-content\/uploads\/2025\/10\/motyl1024.jpg 1024w, https:\/\/urszulagalazka.eu\/wp-content\/uploads\/2025\/10\/motyl1024-300x211.jpg 300w, https:\/\/urszulagalazka.eu\/wp-content\/uploads\/2025\/10\/motyl1024-768x539.jpg 768w\" sizes=\"auto, (max-width: 1024px) 100vw, 1024px\" \/><\/a><\/figure>\n<\/figure>\n\n\n\n<h2 class=\"wp-block-heading\">Abstrakcyjne Kwiaty<\/h2>\n\n\n\n<figure class=\"wp-block-gallery has-nested-images columns-default is-cropped wp-block-gallery-2 is-layout-flex wp-block-gallery-is-layout-flex\">\n<figure class=\"wp-block-image size-large\"><a href=\"https:\/\/urszulagalazka.eu\/wp-content\/uploads\/2025\/10\/KwiatNaZielonymTle.jpg\"><img loading=\"lazy\" decoding=\"async\" width=\"687\" height=\"1024\" data-id=\"432\" src=\"https:\/\/urszulagalazka.eu\/wp-content\/uploads\/2025\/10\/KwiatNaZielonymTle.jpg\" alt=\"\" class=\"wp-image-432\" srcset=\"https:\/\/urszulagalazka.eu\/wp-content\/uploads\/2025\/10\/KwiatNaZielonymTle.jpg 687w, https:\/\/urszulagalazka.eu\/wp-content\/uploads\/2025\/10\/KwiatNaZielonymTle-201x300.jpg 201w\" sizes=\"auto, (max-width: 687px) 100vw, 687px\" \/><\/a><\/figure>\n\n\n\n<figure class=\"wp-block-image size-large\"><a href=\"https:\/\/urszulagalazka.eu\/wp-content\/uploads\/2025\/10\/KwiatyWCzerwieniach.jpg\"><img loading=\"lazy\" decoding=\"async\" width=\"694\" height=\"1024\" data-id=\"434\" src=\"https:\/\/urszulagalazka.eu\/wp-content\/uploads\/2025\/10\/KwiatyWCzerwieniach.jpg\" alt=\"\" class=\"wp-image-434\" srcset=\"https:\/\/urszulagalazka.eu\/wp-content\/uploads\/2025\/10\/KwiatyWCzerwieniach.jpg 694w, https:\/\/urszulagalazka.eu\/wp-content\/uploads\/2025\/10\/KwiatyWCzerwieniach-203x300.jpg 203w\" sizes=\"auto, (max-width: 694px) 100vw, 694px\" \/><\/a><\/figure>\n\n\n\n<figure class=\"wp-block-image size-large\"><a href=\"https:\/\/urszulagalazka.eu\/wp-content\/uploads\/2025\/10\/KwiatZKropkami.jpg\"><img loading=\"lazy\" decoding=\"async\" width=\"703\" height=\"1024\" data-id=\"433\" src=\"https:\/\/urszulagalazka.eu\/wp-content\/uploads\/2025\/10\/KwiatZKropkami.jpg\" alt=\"\" class=\"wp-image-433\" srcset=\"https:\/\/urszulagalazka.eu\/wp-content\/uploads\/2025\/10\/KwiatZKropkami.jpg 703w, https:\/\/urszulagalazka.eu\/wp-content\/uploads\/2025\/10\/KwiatZKropkami-206x300.jpg 206w\" sizes=\"auto, (max-width: 703px) 100vw, 703px\" \/><\/a><\/figure>\n\n\n\n<figure class=\"wp-block-image size-large\"><a href=\"https:\/\/urszulagalazka.eu\/wp-content\/uploads\/2025\/10\/NiebieskoBrazowyKwiat.jpg\"><img loading=\"lazy\" decoding=\"async\" width=\"707\" height=\"1024\" data-id=\"435\" src=\"https:\/\/urszulagalazka.eu\/wp-content\/uploads\/2025\/10\/NiebieskoBrazowyKwiat.jpg\" alt=\"\" class=\"wp-image-435\" srcset=\"https:\/\/urszulagalazka.eu\/wp-content\/uploads\/2025\/10\/NiebieskoBrazowyKwiat.jpg 707w, https:\/\/urszulagalazka.eu\/wp-content\/uploads\/2025\/10\/NiebieskoBrazowyKwiat-207x300.jpg 207w\" sizes=\"auto, (max-width: 707px) 100vw, 707px\" \/><\/a><\/figure>\n\n\n\n<figure class=\"wp-block-image size-large\"><a href=\"https:\/\/urszulagalazka.eu\/wp-content\/uploads\/2025\/10\/OkregiWCzerwieni1024.jpg\"><img loading=\"lazy\" decoding=\"async\" width=\"706\" height=\"1024\" data-id=\"436\" src=\"https:\/\/urszulagalazka.eu\/wp-content\/uploads\/2025\/10\/OkregiWCzerwieni1024.jpg\" alt=\"\" class=\"wp-image-436\" srcset=\"https:\/\/urszulagalazka.eu\/wp-content\/uploads\/2025\/10\/OkregiWCzerwieni1024.jpg 706w, https:\/\/urszulagalazka.eu\/wp-content\/uploads\/2025\/10\/OkregiWCzerwieni1024-207x300.jpg 207w\" sizes=\"auto, (max-width: 706px) 100vw, 706px\" \/><\/a><\/figure>\n\n\n\n<figure class=\"wp-block-image size-large\"><a href=\"https:\/\/urszulagalazka.eu\/wp-content\/uploads\/2025\/10\/RozowoZielonyKwiat.jpg\"><img loading=\"lazy\" decoding=\"async\" width=\"701\" height=\"1024\" data-id=\"437\" src=\"https:\/\/urszulagalazka.eu\/wp-content\/uploads\/2025\/10\/RozowoZielonyKwiat.jpg\" alt=\"\" class=\"wp-image-437\" srcset=\"https:\/\/urszulagalazka.eu\/wp-content\/uploads\/2025\/10\/RozowoZielonyKwiat.jpg 701w, https:\/\/urszulagalazka.eu\/wp-content\/uploads\/2025\/10\/RozowoZielonyKwiat-205x300.jpg 205w\" sizes=\"auto, (max-width: 701px) 100vw, 701px\" \/><\/a><\/figure>\n\n\n\n<figure class=\"wp-block-image size-large\"><a href=\"https:\/\/urszulagalazka.eu\/wp-content\/uploads\/2025\/10\/ZoltoRozowyOrnament.jpg\"><img loading=\"lazy\" decoding=\"async\" width=\"705\" height=\"1024\" data-id=\"438\" src=\"https:\/\/urszulagalazka.eu\/wp-content\/uploads\/2025\/10\/ZoltoRozowyOrnament.jpg\" alt=\"\" class=\"wp-image-438\" srcset=\"https:\/\/urszulagalazka.eu\/wp-content\/uploads\/2025\/10\/ZoltoRozowyOrnament.jpg 705w, https:\/\/urszulagalazka.eu\/wp-content\/uploads\/2025\/10\/ZoltoRozowyOrnament-207x300.jpg 207w\" sizes=\"auto, (max-width: 705px) 100vw, 705px\" \/><\/a><\/figure>\n\n\n\n<figure class=\"wp-block-image size-large\"><a href=\"https:\/\/urszulagalazka.eu\/wp-content\/uploads\/2025\/10\/AbstrakcyjneRosliny1024.jpg\"><img loading=\"lazy\" decoding=\"async\" width=\"1024\" height=\"719\" data-id=\"439\" src=\"https:\/\/urszulagalazka.eu\/wp-content\/uploads\/2025\/10\/AbstrakcyjneRosliny1024.jpg\" alt=\"\" class=\"wp-image-439\" srcset=\"https:\/\/urszulagalazka.eu\/wp-content\/uploads\/2025\/10\/AbstrakcyjneRosliny1024.jpg 1024w, https:\/\/urszulagalazka.eu\/wp-content\/uploads\/2025\/10\/AbstrakcyjneRosliny1024-300x211.jpg 300w, https:\/\/urszulagalazka.eu\/wp-content\/uploads\/2025\/10\/AbstrakcyjneRosliny1024-768x539.jpg 768w\" sizes=\"auto, (max-width: 1024px) 100vw, 1024px\" \/><\/a><\/figure>\n<\/figure>\n\n\n\n<h2 class=\"wp-block-heading\">Koronkowe kwiaty na czarnym tle<\/h2>\n\n\n\n<figure class=\"wp-block-gallery has-nested-images columns-default is-cropped wp-block-gallery-3 is-layout-flex wp-block-gallery-is-layout-flex\">\n<figure class=\"wp-block-image size-large\"><a href=\"https:\/\/urszulagalazka.eu\/wp-content\/uploads\/2025\/10\/Kwiaty1024.jpg\"><img loading=\"lazy\" decoding=\"async\" width=\"1024\" height=\"823\" data-id=\"440\" src=\"https:\/\/urszulagalazka.eu\/wp-content\/uploads\/2025\/10\/Kwiaty1024.jpg\" alt=\"\" class=\"wp-image-440\" srcset=\"https:\/\/urszulagalazka.eu\/wp-content\/uploads\/2025\/10\/Kwiaty1024.jpg 1024w, https:\/\/urszulagalazka.eu\/wp-content\/uploads\/2025\/10\/Kwiaty1024-300x241.jpg 300w, https:\/\/urszulagalazka.eu\/wp-content\/uploads\/2025\/10\/Kwiaty1024-768x617.jpg 768w\" sizes=\"auto, (max-width: 1024px) 100vw, 1024px\" \/><\/a><\/figure>\n\n\n\n<figure class=\"wp-block-image size-large\"><a href=\"https:\/\/urszulagalazka.eu\/wp-content\/uploads\/2025\/10\/Kwiaty2_1024.jpg\"><img loading=\"lazy\" decoding=\"async\" width=\"1024\" height=\"832\" data-id=\"441\" src=\"https:\/\/urszulagalazka.eu\/wp-content\/uploads\/2025\/10\/Kwiaty2_1024.jpg\" alt=\"\" class=\"wp-image-441\" srcset=\"https:\/\/urszulagalazka.eu\/wp-content\/uploads\/2025\/10\/Kwiaty2_1024.jpg 1024w, https:\/\/urszulagalazka.eu\/wp-content\/uploads\/2025\/10\/Kwiaty2_1024-300x244.jpg 300w, https:\/\/urszulagalazka.eu\/wp-content\/uploads\/2025\/10\/Kwiaty2_1024-768x624.jpg 768w\" sizes=\"auto, (max-width: 1024px) 100vw, 1024px\" \/><\/a><\/figure>\n\n\n\n<figure class=\"wp-block-image size-large\"><a href=\"https:\/\/urszulagalazka.eu\/wp-content\/uploads\/2025\/10\/Kwiaty3_1024.jpg\"><img loading=\"lazy\" decoding=\"async\" width=\"1024\" height=\"841\" data-id=\"443\" src=\"https:\/\/urszulagalazka.eu\/wp-content\/uploads\/2025\/10\/Kwiaty3_1024.jpg\" alt=\"\" class=\"wp-image-443\" srcset=\"https:\/\/urszulagalazka.eu\/wp-content\/uploads\/2025\/10\/Kwiaty3_1024.jpg 1024w, https:\/\/urszulagalazka.eu\/wp-content\/uploads\/2025\/10\/Kwiaty3_1024-300x246.jpg 300w, https:\/\/urszulagalazka.eu\/wp-content\/uploads\/2025\/10\/Kwiaty3_1024-768x631.jpg 768w\" sizes=\"auto, (max-width: 1024px) 100vw, 1024px\" \/><\/a><\/figure>\n\n\n\n<figure class=\"wp-block-image size-large\"><a href=\"https:\/\/urszulagalazka.eu\/wp-content\/uploads\/2025\/10\/Kwiaty4_1024.jpg\"><img loading=\"lazy\" decoding=\"async\" width=\"1024\" height=\"844\" data-id=\"442\" src=\"https:\/\/urszulagalazka.eu\/wp-content\/uploads\/2025\/10\/Kwiaty4_1024.jpg\" alt=\"\" class=\"wp-image-442\" srcset=\"https:\/\/urszulagalazka.eu\/wp-content\/uploads\/2025\/10\/Kwiaty4_1024.jpg 1024w, https:\/\/urszulagalazka.eu\/wp-content\/uploads\/2025\/10\/Kwiaty4_1024-300x247.jpg 300w, https:\/\/urszulagalazka.eu\/wp-content\/uploads\/2025\/10\/Kwiaty4_1024-768x633.jpg 768w\" sizes=\"auto, (max-width: 1024px) 100vw, 1024px\" \/><\/a><\/figure>\n\n\n\n<figure class=\"wp-block-image size-large\"><a href=\"https:\/\/urszulagalazka.eu\/wp-content\/uploads\/2025\/10\/Kwiaty5_1024.jpg\"><img loading=\"lazy\" decoding=\"async\" width=\"1024\" height=\"828\" data-id=\"444\" src=\"https:\/\/urszulagalazka.eu\/wp-content\/uploads\/2025\/10\/Kwiaty5_1024.jpg\" alt=\"\" class=\"wp-image-444\" srcset=\"https:\/\/urszulagalazka.eu\/wp-content\/uploads\/2025\/10\/Kwiaty5_1024.jpg 1024w, https:\/\/urszulagalazka.eu\/wp-content\/uploads\/2025\/10\/Kwiaty5_1024-300x243.jpg 300w, https:\/\/urszulagalazka.eu\/wp-content\/uploads\/2025\/10\/Kwiaty5_1024-768x621.jpg 768w\" sizes=\"auto, (max-width: 1024px) 100vw, 1024px\" \/><\/a><\/figure>\n\n\n\n<figure class=\"wp-block-image size-large\"><a href=\"https:\/\/urszulagalazka.eu\/wp-content\/uploads\/2025\/10\/Kwiaty6_1024.jpg\"><img loading=\"lazy\" decoding=\"async\" width=\"1024\" height=\"836\" data-id=\"445\" src=\"https:\/\/urszulagalazka.eu\/wp-content\/uploads\/2025\/10\/Kwiaty6_1024.jpg\" alt=\"\" class=\"wp-image-445\" srcset=\"https:\/\/urszulagalazka.eu\/wp-content\/uploads\/2025\/10\/Kwiaty6_1024.jpg 1024w, https:\/\/urszulagalazka.eu\/wp-content\/uploads\/2025\/10\/Kwiaty6_1024-300x245.jpg 300w, https:\/\/urszulagalazka.eu\/wp-content\/uploads\/2025\/10\/Kwiaty6_1024-768x627.jpg 768w\" sizes=\"auto, (max-width: 1024px) 100vw, 1024px\" \/><\/a><\/figure>\n<\/figure>\n","protected":false},"excerpt":{"rendered":"<p>Bardzo lubi\u0119 kolory a ludowe motywy pozwalaj\u0105 na ich u\u017cywanie niemal bez ogranicze\u0144. Lubi\u0119 te\u017c kwiaty i to po\u0142\u0105czenie da\u0142o efekt w postaci kwiatowo-ludowych abstrakcji, kt\u00f3re bywaj\u0105 kolorowe a czasem b\u0142yszcz\u0105ce. Mo\u017cna w nich znale\u017a\u0107 twory przypominaj\u0105ce kwiaty czy mandal\u0119. Zdarzaj\u0105 si\u0119 w nich te\u017c geometryczne kszta\u0142ty, kt\u00f3re ozdobione misternym wzorem daj\u0105 wra\u017cenie jakby delikatnej, [&hellip;]<\/p>\n","protected":false},"author":1,"featured_media":0,"parent":0,"menu_order":0,"comment_status":"closed","ping_status":"closed","template":"","meta":{"footnotes":""},"class_list":["post-428","page","type-page","status-publish","hentry"],"_links":{"self":[{"href":"https:\/\/urszulagalazka.eu\/index.php?rest_route=\/wp\/v2\/pages\/428","targetHints":{"allow":["GET"]}}],"collection":[{"href":"https:\/\/urszulagalazka.eu\/index.php?rest_route=\/wp\/v2\/pages"}],"about":[{"href":"https:\/\/urszulagalazka.eu\/index.php?rest_route=\/wp\/v2\/types\/page"}],"author":[{"embeddable":true,"href":"https:\/\/urszulagalazka.eu\/index.php?rest_route=\/wp\/v2\/users\/1"}],"replies":[{"embeddable":true,"href":"https:\/\/urszulagalazka.eu\/index.php?rest_route=%2Fwp%2Fv2%2Fcomments&post=428"}],"version-history":[{"count":4,"href":"https:\/\/urszulagalazka.eu\/index.php?rest_route=\/wp\/v2\/pages\/428\/revisions"}],"predecessor-version":[{"id":553,"href":"https:\/\/urszulagalazka.eu\/index.php?rest_route=\/wp\/v2\/pages\/428\/revisions\/553"}],"wp:attachment":[{"href":"https:\/\/urszulagalazka.eu\/index.php?rest_route=%2Fwp%2Fv2%2Fmedia&parent=428"}],"curies":[{"name":"wp","href":"https:\/\/api.w.org\/{rel}","templated":true}]}}