{"id":388,"date":"2025-10-24T10:43:27","date_gmt":"2025-10-24T08:43:27","guid":{"rendered":"https:\/\/urszulagalazka.eu\/?page_id=388"},"modified":"2026-03-24T10:27:54","modified_gmt":"2026-03-24T09:27:54","slug":"bizuteria","status":"publish","type":"page","link":"https:\/\/urszulagalazka.eu\/?page_id=388","title":{"rendered":"Bi\u017cuteria"},"content":{"rendered":"\n<p>Zanim posz\u0142am na ASP, przez wiele lat wykonywa\u0142am bi\u017cuteri\u0119 artystyczn\u0105.  Techniki, w kt\u00f3rych si\u0119 specjalizuj\u0119 to szyde\u0142ko, frywolitka, nawlekanie i haft, w tym chaotyczny i sutaszowy.<\/p>\n\n\n\n<h2 class=\"wp-block-heading\">Naszyjniki wyszywane i sutaszowe.<\/h2>\n\n\n\n<figure class=\"wp-block-gallery has-nested-images columns-default is-cropped wp-block-gallery-1 is-layout-flex wp-block-gallery-is-layout-flex\">\n<figure class=\"wp-block-image size-large\"><a href=\"https:\/\/urszulagalazka.eu\/wp-content\/uploads\/2025\/10\/NaszyjnikSutaszZeSzklanymKolem1024.jpg\"><img loading=\"lazy\" decoding=\"async\" width=\"729\" height=\"1024\" data-id=\"390\" src=\"https:\/\/urszulagalazka.eu\/wp-content\/uploads\/2025\/10\/NaszyjnikSutaszZeSzklanymKolem1024.jpg\" alt=\"\" class=\"wp-image-390\" srcset=\"https:\/\/urszulagalazka.eu\/wp-content\/uploads\/2025\/10\/NaszyjnikSutaszZeSzklanymKolem1024.jpg 729w, https:\/\/urszulagalazka.eu\/wp-content\/uploads\/2025\/10\/NaszyjnikSutaszZeSzklanymKolem1024-214x300.jpg 214w\" sizes=\"auto, (max-width: 729px) 100vw, 729px\" \/><\/a><\/figure>\n\n\n\n<figure class=\"wp-block-image size-large\"><a href=\"https:\/\/urszulagalazka.eu\/wp-content\/uploads\/2025\/10\/NaszyjnikZSutaszuCzarnoBialy1024.jpg\"><img loading=\"lazy\" decoding=\"async\" width=\"767\" height=\"1024\" data-id=\"389\" src=\"https:\/\/urszulagalazka.eu\/wp-content\/uploads\/2025\/10\/NaszyjnikZSutaszuCzarnoBialy1024.jpg\" alt=\"\" class=\"wp-image-389\" srcset=\"https:\/\/urszulagalazka.eu\/wp-content\/uploads\/2025\/10\/NaszyjnikZSutaszuCzarnoBialy1024.jpg 767w, https:\/\/urszulagalazka.eu\/wp-content\/uploads\/2025\/10\/NaszyjnikZSutaszuCzarnoBialy1024-225x300.jpg 225w\" sizes=\"auto, (max-width: 767px) 100vw, 767px\" \/><\/a><\/figure>\n\n\n\n<figure class=\"wp-block-image size-large\"><a href=\"https:\/\/urszulagalazka.eu\/wp-content\/uploads\/2025\/10\/NaszyjnikSutaszoweSerce_1024.jpg\"><img loading=\"lazy\" decoding=\"async\" width=\"730\" height=\"1024\" data-id=\"391\" src=\"https:\/\/urszulagalazka.eu\/wp-content\/uploads\/2025\/10\/NaszyjnikSutaszoweSerce_1024.jpg\" alt=\"\" class=\"wp-image-391\" srcset=\"https:\/\/urszulagalazka.eu\/wp-content\/uploads\/2025\/10\/NaszyjnikSutaszoweSerce_1024.jpg 730w, https:\/\/urszulagalazka.eu\/wp-content\/uploads\/2025\/10\/NaszyjnikSutaszoweSerce_1024-214x300.jpg 214w\" sizes=\"auto, (max-width: 730px) 100vw, 730px\" \/><\/a><\/figure>\n\n\n\n<figure class=\"wp-block-image size-large\"><a href=\"https:\/\/urszulagalazka.eu\/wp-content\/uploads\/2025\/10\/NaszyjnikWyszywanyCzarnyKolnierz1024.jpg\"><img loading=\"lazy\" decoding=\"async\" width=\"752\" height=\"1024\" data-id=\"392\" src=\"https:\/\/urszulagalazka.eu\/wp-content\/uploads\/2025\/10\/NaszyjnikWyszywanyCzarnyKolnierz1024.jpg\" alt=\"\" class=\"wp-image-392\" srcset=\"https:\/\/urszulagalazka.eu\/wp-content\/uploads\/2025\/10\/NaszyjnikWyszywanyCzarnyKolnierz1024.jpg 752w, https:\/\/urszulagalazka.eu\/wp-content\/uploads\/2025\/10\/NaszyjnikWyszywanyCzarnyKolnierz1024-220x300.jpg 220w\" sizes=\"auto, (max-width: 752px) 100vw, 752px\" \/><\/a><\/figure>\n\n\n\n<figure class=\"wp-block-image size-large\"><a href=\"https:\/\/urszulagalazka.eu\/wp-content\/uploads\/2025\/10\/NaszyjnikWyszywanyKolnierzKlasyczny1024.jpg\"><img loading=\"lazy\" decoding=\"async\" width=\"772\" height=\"1024\" data-id=\"393\" src=\"https:\/\/urszulagalazka.eu\/wp-content\/uploads\/2025\/10\/NaszyjnikWyszywanyKolnierzKlasyczny1024.jpg\" alt=\"\" class=\"wp-image-393\" srcset=\"https:\/\/urszulagalazka.eu\/wp-content\/uploads\/2025\/10\/NaszyjnikWyszywanyKolnierzKlasyczny1024.jpg 772w, https:\/\/urszulagalazka.eu\/wp-content\/uploads\/2025\/10\/NaszyjnikWyszywanyKolnierzKlasyczny1024-226x300.jpg 226w, https:\/\/urszulagalazka.eu\/wp-content\/uploads\/2025\/10\/NaszyjnikWyszywanyKolnierzKlasyczny1024-768x1019.jpg 768w\" sizes=\"auto, (max-width: 772px) 100vw, 772px\" \/><\/a><\/figure>\n<\/figure>\n\n\n\n<h2 class=\"wp-block-heading\">Naszyjniki <\/h2>\n\n\n\n<figure class=\"wp-block-gallery has-nested-images columns-default is-cropped wp-block-gallery-2 is-layout-flex wp-block-gallery-is-layout-flex\">\n<figure class=\"wp-block-image size-large\"><a href=\"https:\/\/urszulagalazka.eu\/wp-content\/uploads\/2025\/10\/NaszyjnikZKwiatamiZMasyPerlowej1024.jpg\"><img loading=\"lazy\" decoding=\"async\" width=\"718\" height=\"1024\" data-id=\"395\" src=\"https:\/\/urszulagalazka.eu\/wp-content\/uploads\/2025\/10\/NaszyjnikZKwiatamiZMasyPerlowej1024.jpg\" alt=\"\" class=\"wp-image-395\" srcset=\"https:\/\/urszulagalazka.eu\/wp-content\/uploads\/2025\/10\/NaszyjnikZKwiatamiZMasyPerlowej1024.jpg 718w, https:\/\/urszulagalazka.eu\/wp-content\/uploads\/2025\/10\/NaszyjnikZKwiatamiZMasyPerlowej1024-210x300.jpg 210w\" sizes=\"auto, (max-width: 718px) 100vw, 718px\" \/><\/a><\/figure>\n\n\n\n<figure class=\"wp-block-image size-large\"><a href=\"https:\/\/urszulagalazka.eu\/wp-content\/uploads\/2025\/10\/NaszyjnikPlecionyZKawalkamiMuszli1024.jpg\"><img loading=\"lazy\" decoding=\"async\" width=\"753\" height=\"1024\" data-id=\"400\" src=\"https:\/\/urszulagalazka.eu\/wp-content\/uploads\/2025\/10\/NaszyjnikPlecionyZKawalkamiMuszli1024.jpg\" alt=\"\" class=\"wp-image-400\" srcset=\"https:\/\/urszulagalazka.eu\/wp-content\/uploads\/2025\/10\/NaszyjnikPlecionyZKawalkamiMuszli1024.jpg 753w, https:\/\/urszulagalazka.eu\/wp-content\/uploads\/2025\/10\/NaszyjnikPlecionyZKawalkamiMuszli1024-221x300.jpg 221w\" sizes=\"auto, (max-width: 753px) 100vw, 753px\" \/><\/a><\/figure>\n\n\n\n<figure class=\"wp-block-image size-large\"><a href=\"https:\/\/urszulagalazka.eu\/wp-content\/uploads\/2025\/10\/NaszyjnikRozowyZKawalkamiMuszli1024.jpg\"><img loading=\"lazy\" decoding=\"async\" width=\"703\" height=\"1024\" data-id=\"396\" src=\"https:\/\/urszulagalazka.eu\/wp-content\/uploads\/2025\/10\/NaszyjnikRozowyZKawalkamiMuszli1024.jpg\" alt=\"\" class=\"wp-image-396\" srcset=\"https:\/\/urszulagalazka.eu\/wp-content\/uploads\/2025\/10\/NaszyjnikRozowyZKawalkamiMuszli1024.jpg 703w, https:\/\/urszulagalazka.eu\/wp-content\/uploads\/2025\/10\/NaszyjnikRozowyZKawalkamiMuszli1024-206x300.jpg 206w\" sizes=\"auto, (max-width: 703px) 100vw, 703px\" \/><\/a><\/figure>\n\n\n\n<figure class=\"wp-block-image size-large\"><a href=\"https:\/\/urszulagalazka.eu\/wp-content\/uploads\/2025\/10\/NaszyjnikSutaszZeSzklanymKolem21024.jpg\"><img loading=\"lazy\" decoding=\"async\" width=\"758\" height=\"1024\" data-id=\"398\" src=\"https:\/\/urszulagalazka.eu\/wp-content\/uploads\/2025\/10\/NaszyjnikSutaszZeSzklanymKolem21024.jpg\" alt=\"\" class=\"wp-image-398\" srcset=\"https:\/\/urszulagalazka.eu\/wp-content\/uploads\/2025\/10\/NaszyjnikSutaszZeSzklanymKolem21024.jpg 758w, https:\/\/urszulagalazka.eu\/wp-content\/uploads\/2025\/10\/NaszyjnikSutaszZeSzklanymKolem21024-222x300.jpg 222w\" sizes=\"auto, (max-width: 758px) 100vw, 758px\" \/><\/a><\/figure>\n\n\n\n<figure class=\"wp-block-image size-large\"><a href=\"https:\/\/urszulagalazka.eu\/wp-content\/uploads\/2025\/10\/NaszyjnikTurkusowy1024.jpg\"><img loading=\"lazy\" decoding=\"async\" width=\"748\" height=\"1024\" data-id=\"397\" src=\"https:\/\/urszulagalazka.eu\/wp-content\/uploads\/2025\/10\/NaszyjnikTurkusowy1024.jpg\" alt=\"\" class=\"wp-image-397\" srcset=\"https:\/\/urszulagalazka.eu\/wp-content\/uploads\/2025\/10\/NaszyjnikTurkusowy1024.jpg 748w, https:\/\/urszulagalazka.eu\/wp-content\/uploads\/2025\/10\/NaszyjnikTurkusowy1024-219x300.jpg 219w\" sizes=\"auto, (max-width: 748px) 100vw, 748px\" \/><\/a><\/figure>\n\n\n\n<figure class=\"wp-block-image size-large\"><a href=\"https:\/\/urszulagalazka.eu\/wp-content\/uploads\/2025\/10\/NaszyjnikZBrazowymiKamieniami1024.jpg\"><img loading=\"lazy\" decoding=\"async\" width=\"752\" height=\"1024\" data-id=\"399\" src=\"https:\/\/urszulagalazka.eu\/wp-content\/uploads\/2025\/10\/NaszyjnikZBrazowymiKamieniami1024.jpg\" alt=\"\" class=\"wp-image-399\" srcset=\"https:\/\/urszulagalazka.eu\/wp-content\/uploads\/2025\/10\/NaszyjnikZBrazowymiKamieniami1024.jpg 752w, https:\/\/urszulagalazka.eu\/wp-content\/uploads\/2025\/10\/NaszyjnikZBrazowymiKamieniami1024-220x300.jpg 220w\" sizes=\"auto, (max-width: 752px) 100vw, 752px\" \/><\/a><\/figure>\n<\/figure>\n\n\n\n<h2 class=\"wp-block-heading\">Naszyjniki nawlekane<\/h2>\n\n\n\n<figure class=\"wp-block-gallery has-nested-images columns-default is-cropped wp-block-gallery-3 is-layout-flex wp-block-gallery-is-layout-flex\">\n<figure class=\"wp-block-image size-large\"><a href=\"https:\/\/urszulagalazka.eu\/wp-content\/uploads\/2025\/10\/NaszyjnikZielonyZKoralikiemZeSzklaWeneckiegoiKrysztalkami1024.jpg\"><img loading=\"lazy\" decoding=\"async\" width=\"713\" height=\"1024\" data-id=\"401\" src=\"https:\/\/urszulagalazka.eu\/wp-content\/uploads\/2025\/10\/NaszyjnikZielonyZKoralikiemZeSzklaWeneckiegoiKrysztalkami1024.jpg\" alt=\"\" class=\"wp-image-401\" srcset=\"https:\/\/urszulagalazka.eu\/wp-content\/uploads\/2025\/10\/NaszyjnikZielonyZKoralikiemZeSzklaWeneckiegoiKrysztalkami1024.jpg 713w, https:\/\/urszulagalazka.eu\/wp-content\/uploads\/2025\/10\/NaszyjnikZielonyZKoralikiemZeSzklaWeneckiegoiKrysztalkami1024-209x300.jpg 209w\" sizes=\"auto, (max-width: 713px) 100vw, 713px\" \/><\/a><\/figure>\n\n\n\n<figure class=\"wp-block-image size-large\"><a href=\"https:\/\/urszulagalazka.eu\/wp-content\/uploads\/2025\/10\/NaszyjnikNawlekanyPomaranczowy1024.jpg\"><img loading=\"lazy\" decoding=\"async\" width=\"710\" height=\"1024\" data-id=\"404\" src=\"https:\/\/urszulagalazka.eu\/wp-content\/uploads\/2025\/10\/NaszyjnikNawlekanyPomaranczowy1024.jpg\" alt=\"\" class=\"wp-image-404\" srcset=\"https:\/\/urszulagalazka.eu\/wp-content\/uploads\/2025\/10\/NaszyjnikNawlekanyPomaranczowy1024.jpg 710w, https:\/\/urszulagalazka.eu\/wp-content\/uploads\/2025\/10\/NaszyjnikNawlekanyPomaranczowy1024-208x300.jpg 208w\" sizes=\"auto, (max-width: 710px) 100vw, 710px\" \/><\/a><\/figure>\n\n\n\n<figure class=\"wp-block-image size-large\"><a href=\"https:\/\/urszulagalazka.eu\/wp-content\/uploads\/2025\/10\/NaszyjnikSrebrnoPerlowy1024.jpg\"><img loading=\"lazy\" decoding=\"async\" width=\"710\" height=\"1024\" data-id=\"403\" src=\"https:\/\/urszulagalazka.eu\/wp-content\/uploads\/2025\/10\/NaszyjnikSrebrnoPerlowy1024.jpg\" alt=\"\" class=\"wp-image-403\" srcset=\"https:\/\/urszulagalazka.eu\/wp-content\/uploads\/2025\/10\/NaszyjnikSrebrnoPerlowy1024.jpg 710w, https:\/\/urszulagalazka.eu\/wp-content\/uploads\/2025\/10\/NaszyjnikSrebrnoPerlowy1024-208x300.jpg 208w\" sizes=\"auto, (max-width: 710px) 100vw, 710px\" \/><\/a><\/figure>\n\n\n\n<figure class=\"wp-block-image size-large\"><a href=\"https:\/\/urszulagalazka.eu\/wp-content\/uploads\/2025\/10\/NaszyjnikZeSzklanymiIMetalowymiKoralikami1024.jpg\"><img loading=\"lazy\" decoding=\"async\" width=\"712\" height=\"1024\" data-id=\"402\" src=\"https:\/\/urszulagalazka.eu\/wp-content\/uploads\/2025\/10\/NaszyjnikZeSzklanymiIMetalowymiKoralikami1024.jpg\" alt=\"\" class=\"wp-image-402\" srcset=\"https:\/\/urszulagalazka.eu\/wp-content\/uploads\/2025\/10\/NaszyjnikZeSzklanymiIMetalowymiKoralikami1024.jpg 712w, https:\/\/urszulagalazka.eu\/wp-content\/uploads\/2025\/10\/NaszyjnikZeSzklanymiIMetalowymiKoralikami1024-209x300.jpg 209w\" sizes=\"auto, (max-width: 712px) 100vw, 712px\" \/><\/a><\/figure>\n\n\n\n<figure class=\"wp-block-image size-large\"><a href=\"https:\/\/urszulagalazka.eu\/wp-content\/uploads\/2025\/10\/NaszyjnikZloty1024.jpg\"><img loading=\"lazy\" decoding=\"async\" width=\"695\" height=\"1024\" data-id=\"406\" src=\"https:\/\/urszulagalazka.eu\/wp-content\/uploads\/2025\/10\/NaszyjnikZloty1024.jpg\" alt=\"\" class=\"wp-image-406\" srcset=\"https:\/\/urszulagalazka.eu\/wp-content\/uploads\/2025\/10\/NaszyjnikZloty1024.jpg 695w, https:\/\/urszulagalazka.eu\/wp-content\/uploads\/2025\/10\/NaszyjnikZloty1024-204x300.jpg 204w\" sizes=\"auto, (max-width: 695px) 100vw, 695px\" \/><\/a><\/figure>\n\n\n\n<figure class=\"wp-block-image size-large\"><a href=\"https:\/\/urszulagalazka.eu\/wp-content\/uploads\/2025\/10\/NaszyjnikZZolwiem1024.jpg\"><img loading=\"lazy\" decoding=\"async\" width=\"747\" height=\"1024\" data-id=\"405\" src=\"https:\/\/urszulagalazka.eu\/wp-content\/uploads\/2025\/10\/NaszyjnikZZolwiem1024.jpg\" alt=\"\" class=\"wp-image-405\" srcset=\"https:\/\/urszulagalazka.eu\/wp-content\/uploads\/2025\/10\/NaszyjnikZZolwiem1024.jpg 747w, https:\/\/urszulagalazka.eu\/wp-content\/uploads\/2025\/10\/NaszyjnikZZolwiem1024-219x300.jpg 219w\" sizes=\"auto, (max-width: 747px) 100vw, 747px\" \/><\/a><\/figure>\n<\/figure>\n\n\n\n<h2 class=\"wp-block-heading\">Komplety bi\u017cuterii<\/h2>\n\n\n\n<figure class=\"wp-block-gallery has-nested-images columns-default is-cropped wp-block-gallery-4 is-layout-flex wp-block-gallery-is-layout-flex\">\n<figure class=\"wp-block-image size-large\"><a href=\"https:\/\/urszulagalazka.eu\/wp-content\/uploads\/2025\/10\/KompletZeSzklanymiKoralikami1024.jpg\"><img loading=\"lazy\" decoding=\"async\" width=\"766\" height=\"1024\" data-id=\"408\" src=\"https:\/\/urszulagalazka.eu\/wp-content\/uploads\/2025\/10\/KompletZeSzklanymiKoralikami1024.jpg\" alt=\"\" class=\"wp-image-408\" srcset=\"https:\/\/urszulagalazka.eu\/wp-content\/uploads\/2025\/10\/KompletZeSzklanymiKoralikami1024.jpg 766w, https:\/\/urszulagalazka.eu\/wp-content\/uploads\/2025\/10\/KompletZeSzklanymiKoralikami1024-224x300.jpg 224w\" sizes=\"auto, (max-width: 766px) 100vw, 766px\" \/><\/a><\/figure>\n\n\n\n<figure class=\"wp-block-image size-large\"><a href=\"https:\/\/urszulagalazka.eu\/wp-content\/uploads\/2025\/10\/KompletZPluszowymiKoralikami1024.jpg\"><img loading=\"lazy\" decoding=\"async\" width=\"769\" height=\"1024\" data-id=\"410\" src=\"https:\/\/urszulagalazka.eu\/wp-content\/uploads\/2025\/10\/KompletZPluszowymiKoralikami1024.jpg\" alt=\"\" class=\"wp-image-410\" srcset=\"https:\/\/urszulagalazka.eu\/wp-content\/uploads\/2025\/10\/KompletZPluszowymiKoralikami1024.jpg 769w, https:\/\/urszulagalazka.eu\/wp-content\/uploads\/2025\/10\/KompletZPluszowymiKoralikami1024-225x300.jpg 225w\" sizes=\"auto, (max-width: 769px) 100vw, 769px\" \/><\/a><\/figure>\n\n\n\n<figure class=\"wp-block-image size-large\"><a href=\"https:\/\/urszulagalazka.eu\/wp-content\/uploads\/2025\/10\/KompletWiosenny1024.jpg\"><img loading=\"lazy\" decoding=\"async\" width=\"684\" height=\"1024\" data-id=\"409\" src=\"https:\/\/urszulagalazka.eu\/wp-content\/uploads\/2025\/10\/KompletWiosenny1024.jpg\" alt=\"\" class=\"wp-image-409\" srcset=\"https:\/\/urszulagalazka.eu\/wp-content\/uploads\/2025\/10\/KompletWiosenny1024.jpg 684w, https:\/\/urszulagalazka.eu\/wp-content\/uploads\/2025\/10\/KompletWiosenny1024-200x300.jpg 200w\" sizes=\"auto, (max-width: 684px) 100vw, 684px\" \/><\/a><\/figure>\n<\/figure>\n\n\n\n<h2 class=\"wp-block-heading\">Kolczyki &#8211; r\u00f3\u017cne techniki<\/h2>\n\n\n\n<figure class=\"wp-block-gallery has-nested-images columns-default is-cropped wp-block-gallery-5 is-layout-flex wp-block-gallery-is-layout-flex\">\n<figure class=\"wp-block-image size-large\"><a href=\"https:\/\/urszulagalazka.eu\/wp-content\/uploads\/2025\/10\/KolczykiKokardki1024.jpg\"><img loading=\"lazy\" decoding=\"async\" width=\"709\" height=\"1024\" data-id=\"411\" src=\"https:\/\/urszulagalazka.eu\/wp-content\/uploads\/2025\/10\/KolczykiKokardki1024.jpg\" alt=\"\" class=\"wp-image-411\" srcset=\"https:\/\/urszulagalazka.eu\/wp-content\/uploads\/2025\/10\/KolczykiKokardki1024.jpg 709w, https:\/\/urszulagalazka.eu\/wp-content\/uploads\/2025\/10\/KolczykiKokardki1024-208x300.jpg 208w\" sizes=\"auto, (max-width: 709px) 100vw, 709px\" \/><\/a><\/figure>\n\n\n\n<figure class=\"wp-block-image size-large\"><a href=\"https:\/\/urszulagalazka.eu\/wp-content\/uploads\/2025\/10\/KolczykiRozne1024.jpg\"><img loading=\"lazy\" decoding=\"async\" width=\"744\" height=\"1024\" data-id=\"415\" src=\"https:\/\/urszulagalazka.eu\/wp-content\/uploads\/2025\/10\/KolczykiRozne1024.jpg\" alt=\"\" class=\"wp-image-415\" srcset=\"https:\/\/urszulagalazka.eu\/wp-content\/uploads\/2025\/10\/KolczykiRozne1024.jpg 744w, https:\/\/urszulagalazka.eu\/wp-content\/uploads\/2025\/10\/KolczykiRozne1024-218x300.jpg 218w\" sizes=\"auto, (max-width: 744px) 100vw, 744px\" \/><\/a><\/figure>\n\n\n\n<figure class=\"wp-block-image size-large\"><a href=\"https:\/\/urszulagalazka.eu\/wp-content\/uploads\/2025\/10\/KolczykiNaLinceJubilerskiej1024.jpg\"><img loading=\"lazy\" decoding=\"async\" width=\"720\" height=\"1024\" data-id=\"416\" src=\"https:\/\/urszulagalazka.eu\/wp-content\/uploads\/2025\/10\/KolczykiNaLinceJubilerskiej1024.jpg\" alt=\"\" class=\"wp-image-416\" srcset=\"https:\/\/urszulagalazka.eu\/wp-content\/uploads\/2025\/10\/KolczykiNaLinceJubilerskiej1024.jpg 720w, https:\/\/urszulagalazka.eu\/wp-content\/uploads\/2025\/10\/KolczykiNaLinceJubilerskiej1024-211x300.jpg 211w\" sizes=\"auto, (max-width: 720px) 100vw, 720px\" \/><\/a><\/figure>\n\n\n\n<figure class=\"wp-block-image size-large\"><a href=\"https:\/\/urszulagalazka.eu\/wp-content\/uploads\/2025\/10\/KolczykiNaGwozdziu1024.jpg\"><img loading=\"lazy\" decoding=\"async\" width=\"724\" height=\"1024\" data-id=\"417\" src=\"https:\/\/urszulagalazka.eu\/wp-content\/uploads\/2025\/10\/KolczykiNaGwozdziu1024.jpg\" alt=\"\" class=\"wp-image-417\" srcset=\"https:\/\/urszulagalazka.eu\/wp-content\/uploads\/2025\/10\/KolczykiNaGwozdziu1024.jpg 724w, https:\/\/urszulagalazka.eu\/wp-content\/uploads\/2025\/10\/KolczykiNaGwozdziu1024-212x300.jpg 212w\" sizes=\"auto, (max-width: 724px) 100vw, 724px\" \/><\/a><\/figure>\n\n\n\n<figure class=\"wp-block-image size-large\"><a href=\"https:\/\/urszulagalazka.eu\/wp-content\/uploads\/2025\/10\/KolczykiCzarnoBiale124.jpg\"><img loading=\"lazy\" decoding=\"async\" width=\"773\" height=\"1024\" data-id=\"414\" src=\"https:\/\/urszulagalazka.eu\/wp-content\/uploads\/2025\/10\/KolczykiCzarnoBiale124.jpg\" alt=\"\" class=\"wp-image-414\" srcset=\"https:\/\/urszulagalazka.eu\/wp-content\/uploads\/2025\/10\/KolczykiCzarnoBiale124.jpg 773w, https:\/\/urszulagalazka.eu\/wp-content\/uploads\/2025\/10\/KolczykiCzarnoBiale124-226x300.jpg 226w, https:\/\/urszulagalazka.eu\/wp-content\/uploads\/2025\/10\/KolczykiCzarnoBiale124-768x1017.jpg 768w\" sizes=\"auto, (max-width: 773px) 100vw, 773px\" \/><\/a><\/figure>\n\n\n\n<figure class=\"wp-block-image size-large\"><a href=\"https:\/\/urszulagalazka.eu\/wp-content\/uploads\/2025\/10\/KolczykiZChwostami1024.jpg\"><img loading=\"lazy\" decoding=\"async\" width=\"767\" height=\"1024\" data-id=\"413\" src=\"https:\/\/urszulagalazka.eu\/wp-content\/uploads\/2025\/10\/KolczykiZChwostami1024.jpg\" alt=\"\" class=\"wp-image-413\" srcset=\"https:\/\/urszulagalazka.eu\/wp-content\/uploads\/2025\/10\/KolczykiZChwostami1024.jpg 767w, https:\/\/urszulagalazka.eu\/wp-content\/uploads\/2025\/10\/KolczykiZChwostami1024-225x300.jpg 225w\" sizes=\"auto, (max-width: 767px) 100vw, 767px\" \/><\/a><\/figure>\n\n\n\n<figure class=\"wp-block-image size-large\"><a href=\"https:\/\/urszulagalazka.eu\/wp-content\/uploads\/2025\/10\/KolczykiSutaszowe1024.jpg\"><img loading=\"lazy\" decoding=\"async\" width=\"724\" height=\"1024\" data-id=\"412\" src=\"https:\/\/urszulagalazka.eu\/wp-content\/uploads\/2025\/10\/KolczykiSutaszowe1024.jpg\" alt=\"\" class=\"wp-image-412\" srcset=\"https:\/\/urszulagalazka.eu\/wp-content\/uploads\/2025\/10\/KolczykiSutaszowe1024.jpg 724w, https:\/\/urszulagalazka.eu\/wp-content\/uploads\/2025\/10\/KolczykiSutaszowe1024-212x300.jpg 212w\" sizes=\"auto, (max-width: 724px) 100vw, 724px\" \/><\/a><\/figure>\n<\/figure>\n\n\n\n<h2 class=\"wp-block-heading\">Broszki<\/h2>\n\n\n\n<figure class=\"wp-block-gallery has-nested-images columns-default is-cropped wp-block-gallery-6 is-layout-flex wp-block-gallery-is-layout-flex\">\n<figure class=\"wp-block-image size-large\"><a href=\"https:\/\/urszulagalazka.eu\/wp-content\/uploads\/2025\/10\/BroszkiSutaszowe1024.jpg\"><img loading=\"lazy\" decoding=\"async\" width=\"803\" height=\"1024\" data-id=\"418\" src=\"https:\/\/urszulagalazka.eu\/wp-content\/uploads\/2025\/10\/BroszkiSutaszowe1024.jpg\" alt=\"\" class=\"wp-image-418\" srcset=\"https:\/\/urszulagalazka.eu\/wp-content\/uploads\/2025\/10\/BroszkiSutaszowe1024.jpg 803w, https:\/\/urszulagalazka.eu\/wp-content\/uploads\/2025\/10\/BroszkiSutaszowe1024-235x300.jpg 235w, https:\/\/urszulagalazka.eu\/wp-content\/uploads\/2025\/10\/BroszkiSutaszowe1024-768x979.jpg 768w\" sizes=\"auto, (max-width: 803px) 100vw, 803px\" \/><\/a><\/figure>\n\n\n\n<figure class=\"wp-block-image size-large\"><a href=\"https:\/\/urszulagalazka.eu\/wp-content\/uploads\/2025\/10\/BroszkaKwiat1024.jpg\"><img loading=\"lazy\" decoding=\"async\" width=\"755\" height=\"1024\" data-id=\"419\" src=\"https:\/\/urszulagalazka.eu\/wp-content\/uploads\/2025\/10\/BroszkaKwiat1024.jpg\" alt=\"\" class=\"wp-image-419\" srcset=\"https:\/\/urszulagalazka.eu\/wp-content\/uploads\/2025\/10\/BroszkaKwiat1024.jpg 755w, https:\/\/urszulagalazka.eu\/wp-content\/uploads\/2025\/10\/BroszkaKwiat1024-221x300.jpg 221w\" sizes=\"auto, (max-width: 755px) 100vw, 755px\" \/><\/a><\/figure>\n<\/figure>\n\n\n\n<h2 class=\"wp-block-heading\">Bransoletki<\/h2>\n\n\n\n<figure class=\"wp-block-gallery has-nested-images columns-default is-cropped wp-block-gallery-7 is-layout-flex wp-block-gallery-is-layout-flex\">\n<figure class=\"wp-block-image size-large\"><a href=\"https:\/\/urszulagalazka.eu\/wp-content\/uploads\/2025\/10\/BransoletkiZKamieniami1024.jpg\"><img loading=\"lazy\" decoding=\"async\" width=\"703\" height=\"1024\" data-id=\"421\" src=\"https:\/\/urszulagalazka.eu\/wp-content\/uploads\/2025\/10\/BransoletkiZKamieniami1024.jpg\" alt=\"\" class=\"wp-image-421\" srcset=\"https:\/\/urszulagalazka.eu\/wp-content\/uploads\/2025\/10\/BransoletkiZKamieniami1024.jpg 703w, https:\/\/urszulagalazka.eu\/wp-content\/uploads\/2025\/10\/BransoletkiZKamieniami1024-206x300.jpg 206w\" sizes=\"auto, (max-width: 703px) 100vw, 703px\" \/><\/a><\/figure>\n\n\n\n<figure class=\"wp-block-image size-large\"><a href=\"https:\/\/urszulagalazka.eu\/wp-content\/uploads\/2025\/10\/BransoletkiNiebieskie1024.jpg\"><img loading=\"lazy\" decoding=\"async\" width=\"752\" height=\"1024\" data-id=\"422\" src=\"https:\/\/urszulagalazka.eu\/wp-content\/uploads\/2025\/10\/BransoletkiNiebieskie1024.jpg\" alt=\"\" class=\"wp-image-422\" srcset=\"https:\/\/urszulagalazka.eu\/wp-content\/uploads\/2025\/10\/BransoletkiNiebieskie1024.jpg 752w, https:\/\/urszulagalazka.eu\/wp-content\/uploads\/2025\/10\/BransoletkiNiebieskie1024-220x300.jpg 220w\" sizes=\"auto, (max-width: 752px) 100vw, 752px\" \/><\/a><\/figure>\n\n\n\n<figure class=\"wp-block-image size-large\"><a href=\"https:\/\/urszulagalazka.eu\/wp-content\/uploads\/2025\/10\/BransoletkiZDrobymiKamieniami1024.jpg\"><img loading=\"lazy\" decoding=\"async\" width=\"767\" height=\"1024\" data-id=\"420\" src=\"https:\/\/urszulagalazka.eu\/wp-content\/uploads\/2025\/10\/BransoletkiZDrobymiKamieniami1024.jpg\" alt=\"\" class=\"wp-image-420\" srcset=\"https:\/\/urszulagalazka.eu\/wp-content\/uploads\/2025\/10\/BransoletkiZDrobymiKamieniami1024.jpg 767w, https:\/\/urszulagalazka.eu\/wp-content\/uploads\/2025\/10\/BransoletkiZDrobymiKamieniami1024-225x300.jpg 225w\" sizes=\"auto, (max-width: 767px) 100vw, 767px\" \/><\/a><\/figure>\n<\/figure>\n\n\n\n<p><\/p>\n","protected":false},"excerpt":{"rendered":"<p>Zanim posz\u0142am na ASP, przez wiele lat wykonywa\u0142am bi\u017cuteri\u0119 artystyczn\u0105. Techniki, w kt\u00f3rych si\u0119 specjalizuj\u0119 to szyde\u0142ko, frywolitka, nawlekanie i haft, w tym chaotyczny i sutaszowy. Naszyjniki wyszywane i sutaszowe. Naszyjniki Naszyjniki nawlekane Komplety bi\u017cuterii Kolczyki &#8211; r\u00f3\u017cne techniki Broszki Bransoletki<\/p>\n","protected":false},"author":1,"featured_media":0,"parent":0,"menu_order":0,"comment_status":"closed","ping_status":"closed","template":"","meta":{"footnotes":""},"class_list":["post-388","page","type-page","status-publish","hentry"],"_links":{"self":[{"href":"https:\/\/urszulagalazka.eu\/index.php?rest_route=\/wp\/v2\/pages\/388","targetHints":{"allow":["GET"]}}],"collection":[{"href":"https:\/\/urszulagalazka.eu\/index.php?rest_route=\/wp\/v2\/pages"}],"about":[{"href":"https:\/\/urszulagalazka.eu\/index.php?rest_route=\/wp\/v2\/types\/page"}],"author":[{"embeddable":true,"href":"https:\/\/urszulagalazka.eu\/index.php?rest_route=\/wp\/v2\/users\/1"}],"replies":[{"embeddable":true,"href":"https:\/\/urszulagalazka.eu\/index.php?rest_route=%2Fwp%2Fv2%2Fcomments&post=388"}],"version-history":[{"count":5,"href":"https:\/\/urszulagalazka.eu\/index.php?rest_route=\/wp\/v2\/pages\/388\/revisions"}],"predecessor-version":[{"id":552,"href":"https:\/\/urszulagalazka.eu\/index.php?rest_route=\/wp\/v2\/pages\/388\/revisions\/552"}],"wp:attachment":[{"href":"https:\/\/urszulagalazka.eu\/index.php?rest_route=%2Fwp%2Fv2%2Fmedia&parent=388"}],"curies":[{"name":"wp","href":"https:\/\/api.w.org\/{rel}","templated":true}]}}