{"id":31,"date":"2024-12-20T10:26:08","date_gmt":"2024-12-20T09:26:08","guid":{"rendered":"http:\/\/urszulagalazka.eu\/?page_id=31"},"modified":"2026-03-24T10:24:15","modified_gmt":"2026-03-24T09:24:15","slug":"fotografia-analogowa","status":"publish","type":"page","link":"https:\/\/urszulagalazka.eu\/?page_id=31","title":{"rendered":"Fotografia analogowa"},"content":{"rendered":"\n<p>Zdj\u0119cia analogowe pozwalaj\u0105 pokaza\u0107 esencje obiektu fotografowanego. Zdj\u0119cia robi\u0119 aparatem z lat 60-tych. Sama decyduj\u0119 o wszystkich parametrach, poniewa\u017c aparat, kt\u00f3rym dysponuje ma \u015bwiat\u0142omierz selenowy, obecnie nie dzia\u0142aj\u0105cy.<\/p>\n\n\n\n<p>Opr\u00f3cz tradycyjnej fotografii analogowej u\u017cywa\u0142am fotografii otworkowej (pinhole). Pierwszy aparat w puszcze po napoju, zbudowa\u0142am na warsztatach w trakcie studi\u00f3w. Zrobi\u0142am jeszcze aparat na klisz\u0119 z pude\u0142ka od zapa\u0142ek. Przestawianie klatek odbywa\u0142o si\u0119  totalnie na wyczucie ale rado\u015b\u0107 ze zdj\u0119\u0107 po wywo\u0142aniu kliszy by\u0142a bezcenna.<\/p>\n\n\n\n<h2 class=\"wp-block-heading\">Lidzbark Warmi\u0144ski<\/h2>\n\n\n\n<figure class=\"wp-block-gallery has-nested-images columns-default is-cropped wp-block-gallery-1 is-layout-flex wp-block-gallery-is-layout-flex\">\n<figure class=\"wp-block-image size-large\"><a href=\"https:\/\/urszulagalazka.eu\/wp-content\/uploads\/2024\/12\/LidzbarkWarminski.jpg\"><img loading=\"lazy\" decoding=\"async\" width=\"1020\" height=\"658\" data-id=\"110\" src=\"https:\/\/urszulagalazka.eu\/wp-content\/uploads\/2024\/12\/LidzbarkWarminski.jpg\" alt=\"\" class=\"wp-image-110\" srcset=\"https:\/\/urszulagalazka.eu\/wp-content\/uploads\/2024\/12\/LidzbarkWarminski.jpg 1020w, https:\/\/urszulagalazka.eu\/wp-content\/uploads\/2024\/12\/LidzbarkWarminski-300x194.jpg 300w, https:\/\/urszulagalazka.eu\/wp-content\/uploads\/2024\/12\/LidzbarkWarminski-768x495.jpg 768w\" sizes=\"auto, (max-width: 1020px) 100vw, 1020px\" \/><\/a><\/figure>\n\n\n\n<figure class=\"wp-block-image size-large\"><a href=\"https:\/\/urszulagalazka.eu\/wp-content\/uploads\/2025\/07\/LidzbarkWarminski2flibox.jpg\"><img loading=\"lazy\" decoding=\"async\" width=\"282\" height=\"330\" data-id=\"356\" src=\"https:\/\/urszulagalazka.eu\/wp-content\/uploads\/2025\/07\/LidzbarkWarminski2flibox.jpg\" alt=\"\" class=\"wp-image-356\" srcset=\"https:\/\/urszulagalazka.eu\/wp-content\/uploads\/2025\/07\/LidzbarkWarminski2flibox.jpg 282w, https:\/\/urszulagalazka.eu\/wp-content\/uploads\/2025\/07\/LidzbarkWarminski2flibox-256x300.jpg 256w\" sizes=\"auto, (max-width: 282px) 100vw, 282px\" \/><\/a><\/figure>\n\n\n\n<figure class=\"wp-block-image size-large\"><a href=\"https:\/\/urszulagalazka.eu\/wp-content\/uploads\/2025\/07\/LW_Ratusz.jpg\"><img loading=\"lazy\" decoding=\"async\" width=\"655\" height=\"1024\" data-id=\"361\" src=\"https:\/\/urszulagalazka.eu\/wp-content\/uploads\/2025\/07\/LW_Ratusz-655x1024.jpg\" alt=\"\" class=\"wp-image-361\" srcset=\"https:\/\/urszulagalazka.eu\/wp-content\/uploads\/2025\/07\/LW_Ratusz-655x1024.jpg 655w, https:\/\/urszulagalazka.eu\/wp-content\/uploads\/2025\/07\/LW_Ratusz-192x300.jpg 192w, https:\/\/urszulagalazka.eu\/wp-content\/uploads\/2025\/07\/LW_Ratusz-768x1200.jpg 768w, https:\/\/urszulagalazka.eu\/wp-content\/uploads\/2025\/07\/LW_Ratusz-983x1536.jpg 983w, https:\/\/urszulagalazka.eu\/wp-content\/uploads\/2025\/07\/LW_Ratusz.jpg 1024w\" sizes=\"auto, (max-width: 655px) 100vw, 655px\" \/><\/a><\/figure>\n\n\n\n<figure class=\"wp-block-image size-large\"><a href=\"https:\/\/urszulagalazka.eu\/wp-content\/uploads\/2025\/07\/LW_WidokNaRzeke.jpg\"><img loading=\"lazy\" decoding=\"async\" width=\"1024\" height=\"657\" data-id=\"360\" src=\"https:\/\/urszulagalazka.eu\/wp-content\/uploads\/2025\/07\/LW_WidokNaRzeke.jpg\" alt=\"\" class=\"wp-image-360\" srcset=\"https:\/\/urszulagalazka.eu\/wp-content\/uploads\/2025\/07\/LW_WidokNaRzeke.jpg 1024w, https:\/\/urszulagalazka.eu\/wp-content\/uploads\/2025\/07\/LW_WidokNaRzeke-300x192.jpg 300w, https:\/\/urszulagalazka.eu\/wp-content\/uploads\/2025\/07\/LW_WidokNaRzeke-768x493.jpg 768w\" sizes=\"auto, (max-width: 1024px) 100vw, 1024px\" \/><\/a><\/figure>\n\n\n\n<figure class=\"wp-block-image size-large\"><a href=\"https:\/\/urszulagalazka.eu\/wp-content\/uploads\/2025\/07\/LW_WidokZMostu.jpg\"><img loading=\"lazy\" decoding=\"async\" width=\"1024\" height=\"679\" data-id=\"359\" src=\"https:\/\/urszulagalazka.eu\/wp-content\/uploads\/2025\/07\/LW_WidokZMostu.jpg\" alt=\"\" class=\"wp-image-359\" srcset=\"https:\/\/urszulagalazka.eu\/wp-content\/uploads\/2025\/07\/LW_WidokZMostu.jpg 1024w, https:\/\/urszulagalazka.eu\/wp-content\/uploads\/2025\/07\/LW_WidokZMostu-300x199.jpg 300w, https:\/\/urszulagalazka.eu\/wp-content\/uploads\/2025\/07\/LW_WidokZMostu-768x509.jpg 768w\" sizes=\"auto, (max-width: 1024px) 100vw, 1024px\" \/><\/a><\/figure>\n\n\n\n<figure class=\"wp-block-image size-large\"><a href=\"https:\/\/urszulagalazka.eu\/wp-content\/uploads\/2025\/07\/LW_WidokZMuzeum.jpg\"><img loading=\"lazy\" decoding=\"async\" width=\"1024\" height=\"667\" data-id=\"357\" src=\"https:\/\/urszulagalazka.eu\/wp-content\/uploads\/2025\/07\/LW_WidokZMuzeum.jpg\" alt=\"\" class=\"wp-image-357\" srcset=\"https:\/\/urszulagalazka.eu\/wp-content\/uploads\/2025\/07\/LW_WidokZMuzeum.jpg 1024w, https:\/\/urszulagalazka.eu\/wp-content\/uploads\/2025\/07\/LW_WidokZMuzeum-300x195.jpg 300w, https:\/\/urszulagalazka.eu\/wp-content\/uploads\/2025\/07\/LW_WidokZMuzeum-768x500.jpg 768w\" sizes=\"auto, (max-width: 1024px) 100vw, 1024px\" \/><\/a><\/figure>\n\n\n\n<figure class=\"wp-block-image size-large\"><a href=\"https:\/\/urszulagalazka.eu\/wp-content\/uploads\/2025\/07\/LW_WidokWDrodzeDoZamku.jpg\"><img loading=\"lazy\" decoding=\"async\" width=\"1024\" height=\"672\" data-id=\"358\" src=\"https:\/\/urszulagalazka.eu\/wp-content\/uploads\/2025\/07\/LW_WidokWDrodzeDoZamku.jpg\" alt=\"\" class=\"wp-image-358\" srcset=\"https:\/\/urszulagalazka.eu\/wp-content\/uploads\/2025\/07\/LW_WidokWDrodzeDoZamku.jpg 1024w, https:\/\/urszulagalazka.eu\/wp-content\/uploads\/2025\/07\/LW_WidokWDrodzeDoZamku-300x197.jpg 300w, https:\/\/urszulagalazka.eu\/wp-content\/uploads\/2025\/07\/LW_WidokWDrodzeDoZamku-768x504.jpg 768w\" sizes=\"auto, (max-width: 1024px) 100vw, 1024px\" \/><\/a><\/figure>\n<\/figure>\n\n\n\n<h2 class=\"wp-block-heading\">Parki w Warszawie<\/h2>\n\n\n\n<figure class=\"wp-block-gallery has-nested-images columns-default is-cropped wp-block-gallery-2 is-layout-flex wp-block-gallery-is-layout-flex\">\n<figure class=\"wp-block-image size-large\"><a href=\"https:\/\/urszulagalazka.eu\/wp-content\/uploads\/2025\/07\/Zdj0004.jpg\"><img loading=\"lazy\" decoding=\"async\" width=\"1024\" height=\"665\" data-id=\"373\" src=\"https:\/\/urszulagalazka.eu\/wp-content\/uploads\/2025\/07\/Zdj0004.jpg\" alt=\"\" class=\"wp-image-373\" srcset=\"https:\/\/urszulagalazka.eu\/wp-content\/uploads\/2025\/07\/Zdj0004.jpg 1024w, https:\/\/urszulagalazka.eu\/wp-content\/uploads\/2025\/07\/Zdj0004-300x195.jpg 300w, https:\/\/urszulagalazka.eu\/wp-content\/uploads\/2025\/07\/Zdj0004-768x499.jpg 768w\" sizes=\"auto, (max-width: 1024px) 100vw, 1024px\" \/><\/a><\/figure>\n\n\n\n<figure class=\"wp-block-image size-large\"><a href=\"https:\/\/urszulagalazka.eu\/wp-content\/uploads\/2025\/07\/Zdj0005.jpg\"><img loading=\"lazy\" decoding=\"async\" width=\"1024\" height=\"667\" data-id=\"374\" src=\"https:\/\/urszulagalazka.eu\/wp-content\/uploads\/2025\/07\/Zdj0005.jpg\" alt=\"\" class=\"wp-image-374\" srcset=\"https:\/\/urszulagalazka.eu\/wp-content\/uploads\/2025\/07\/Zdj0005.jpg 1024w, https:\/\/urszulagalazka.eu\/wp-content\/uploads\/2025\/07\/Zdj0005-300x195.jpg 300w, https:\/\/urszulagalazka.eu\/wp-content\/uploads\/2025\/07\/Zdj0005-768x500.jpg 768w\" sizes=\"auto, (max-width: 1024px) 100vw, 1024px\" \/><\/a><\/figure>\n\n\n\n<figure class=\"wp-block-image size-large\"><a href=\"https:\/\/urszulagalazka.eu\/wp-content\/uploads\/2025\/07\/Zdj0014.jpg\"><img loading=\"lazy\" decoding=\"async\" width=\"1024\" height=\"654\" data-id=\"375\" src=\"https:\/\/urszulagalazka.eu\/wp-content\/uploads\/2025\/07\/Zdj0014.jpg\" alt=\"\" class=\"wp-image-375\" srcset=\"https:\/\/urszulagalazka.eu\/wp-content\/uploads\/2025\/07\/Zdj0014.jpg 1024w, https:\/\/urszulagalazka.eu\/wp-content\/uploads\/2025\/07\/Zdj0014-300x192.jpg 300w, https:\/\/urszulagalazka.eu\/wp-content\/uploads\/2025\/07\/Zdj0014-768x491.jpg 768w\" sizes=\"auto, (max-width: 1024px) 100vw, 1024px\" \/><\/a><\/figure>\n\n\n\n<figure class=\"wp-block-image size-large\"><a href=\"https:\/\/urszulagalazka.eu\/wp-content\/uploads\/2025\/07\/Zdj0016.jpg\"><img loading=\"lazy\" decoding=\"async\" width=\"1024\" height=\"655\" data-id=\"378\" src=\"https:\/\/urszulagalazka.eu\/wp-content\/uploads\/2025\/07\/Zdj0016.jpg\" alt=\"\" class=\"wp-image-378\" srcset=\"https:\/\/urszulagalazka.eu\/wp-content\/uploads\/2025\/07\/Zdj0016.jpg 1024w, https:\/\/urszulagalazka.eu\/wp-content\/uploads\/2025\/07\/Zdj0016-300x192.jpg 300w, https:\/\/urszulagalazka.eu\/wp-content\/uploads\/2025\/07\/Zdj0016-768x491.jpg 768w\" sizes=\"auto, (max-width: 1024px) 100vw, 1024px\" \/><\/a><\/figure>\n\n\n\n<figure class=\"wp-block-image size-large\"><a href=\"https:\/\/urszulagalazka.eu\/wp-content\/uploads\/2025\/07\/Zdj0017.jpg\"><img loading=\"lazy\" decoding=\"async\" width=\"1024\" height=\"657\" data-id=\"379\" src=\"https:\/\/urszulagalazka.eu\/wp-content\/uploads\/2025\/07\/Zdj0017.jpg\" alt=\"\" class=\"wp-image-379\" srcset=\"https:\/\/urszulagalazka.eu\/wp-content\/uploads\/2025\/07\/Zdj0017.jpg 1024w, https:\/\/urszulagalazka.eu\/wp-content\/uploads\/2025\/07\/Zdj0017-300x192.jpg 300w, https:\/\/urszulagalazka.eu\/wp-content\/uploads\/2025\/07\/Zdj0017-768x493.jpg 768w\" sizes=\"auto, (max-width: 1024px) 100vw, 1024px\" \/><\/a><\/figure>\n\n\n\n<figure class=\"wp-block-image size-large\"><a href=\"https:\/\/urszulagalazka.eu\/wp-content\/uploads\/2025\/07\/Zdj0018.jpg\"><img loading=\"lazy\" decoding=\"async\" width=\"1024\" height=\"655\" data-id=\"377\" src=\"https:\/\/urszulagalazka.eu\/wp-content\/uploads\/2025\/07\/Zdj0018.jpg\" alt=\"\" class=\"wp-image-377\" srcset=\"https:\/\/urszulagalazka.eu\/wp-content\/uploads\/2025\/07\/Zdj0018.jpg 1024w, https:\/\/urszulagalazka.eu\/wp-content\/uploads\/2025\/07\/Zdj0018-300x192.jpg 300w, https:\/\/urszulagalazka.eu\/wp-content\/uploads\/2025\/07\/Zdj0018-768x491.jpg 768w\" sizes=\"auto, (max-width: 1024px) 100vw, 1024px\" \/><\/a><\/figure>\n\n\n\n<figure class=\"wp-block-image size-large\"><a href=\"https:\/\/urszulagalazka.eu\/wp-content\/uploads\/2025\/07\/Zdj0021.jpg\"><img loading=\"lazy\" decoding=\"async\" width=\"1024\" height=\"661\" data-id=\"376\" src=\"https:\/\/urszulagalazka.eu\/wp-content\/uploads\/2025\/07\/Zdj0021.jpg\" alt=\"\" class=\"wp-image-376\" srcset=\"https:\/\/urszulagalazka.eu\/wp-content\/uploads\/2025\/07\/Zdj0021.jpg 1024w, https:\/\/urszulagalazka.eu\/wp-content\/uploads\/2025\/07\/Zdj0021-300x194.jpg 300w, https:\/\/urszulagalazka.eu\/wp-content\/uploads\/2025\/07\/Zdj0021-768x496.jpg 768w\" sizes=\"auto, (max-width: 1024px) 100vw, 1024px\" \/><\/a><\/figure>\n\n\n\n<figure class=\"wp-block-image size-large\"><a href=\"https:\/\/urszulagalazka.eu\/wp-content\/uploads\/2025\/07\/Zdj0011.jpg\"><img loading=\"lazy\" decoding=\"async\" width=\"664\" height=\"1024\" data-id=\"381\" src=\"https:\/\/urszulagalazka.eu\/wp-content\/uploads\/2025\/07\/Zdj0011.jpg\" alt=\"\" class=\"wp-image-381\" srcset=\"https:\/\/urszulagalazka.eu\/wp-content\/uploads\/2025\/07\/Zdj0011.jpg 664w, https:\/\/urszulagalazka.eu\/wp-content\/uploads\/2025\/07\/Zdj0011-195x300.jpg 195w\" sizes=\"auto, (max-width: 664px) 100vw, 664px\" \/><\/a><\/figure>\n\n\n\n<figure class=\"wp-block-image size-large\"><a href=\"https:\/\/urszulagalazka.eu\/wp-content\/uploads\/2025\/07\/Zdj0025.jpg\"><img loading=\"lazy\" decoding=\"async\" width=\"664\" height=\"1024\" data-id=\"380\" src=\"https:\/\/urszulagalazka.eu\/wp-content\/uploads\/2025\/07\/Zdj0025.jpg\" alt=\"\" class=\"wp-image-380\" srcset=\"https:\/\/urszulagalazka.eu\/wp-content\/uploads\/2025\/07\/Zdj0025.jpg 664w, https:\/\/urszulagalazka.eu\/wp-content\/uploads\/2025\/07\/Zdj0025-195x300.jpg 195w\" sizes=\"auto, (max-width: 664px) 100vw, 664px\" \/><\/a><\/figure>\n<\/figure>\n\n\n\n<h2 class=\"wp-block-heading\">Inne<\/h2>\n\n\n\n<figure class=\"wp-block-image size-full\"><a href=\"https:\/\/urszulagalazka.eu\/wp-content\/uploads\/2024\/12\/Olsztyn001_1024.jpg\"><img loading=\"lazy\" decoding=\"async\" width=\"1024\" height=\"686\" src=\"https:\/\/urszulagalazka.eu\/wp-content\/uploads\/2024\/12\/Olsztyn001_1024.jpg\" alt=\"\" class=\"wp-image-112\" srcset=\"https:\/\/urszulagalazka.eu\/wp-content\/uploads\/2024\/12\/Olsztyn001_1024.jpg 1024w, https:\/\/urszulagalazka.eu\/wp-content\/uploads\/2024\/12\/Olsztyn001_1024-300x201.jpg 300w, https:\/\/urszulagalazka.eu\/wp-content\/uploads\/2024\/12\/Olsztyn001_1024-768x515.jpg 768w\" sizes=\"auto, (max-width: 1024px) 100vw, 1024px\" \/><\/a><\/figure>\n\n\n\n<figure class=\"wp-block-image size-full\"><a href=\"https:\/\/urszulagalazka.eu\/wp-content\/uploads\/2024\/12\/Olsztyn009_1024.jpg\"><img loading=\"lazy\" decoding=\"async\" width=\"1024\" height=\"655\" src=\"https:\/\/urszulagalazka.eu\/wp-content\/uploads\/2024\/12\/Olsztyn009_1024.jpg\" alt=\"\" class=\"wp-image-113\" srcset=\"https:\/\/urszulagalazka.eu\/wp-content\/uploads\/2024\/12\/Olsztyn009_1024.jpg 1024w, https:\/\/urszulagalazka.eu\/wp-content\/uploads\/2024\/12\/Olsztyn009_1024-300x192.jpg 300w, https:\/\/urszulagalazka.eu\/wp-content\/uploads\/2024\/12\/Olsztyn009_1024-768x491.jpg 768w\" sizes=\"auto, (max-width: 1024px) 100vw, 1024px\" \/><\/a><\/figure>\n\n\n\n<h2 class=\"wp-block-heading\">Szczytno<\/h2>\n\n\n\n<figure class=\"wp-block-image size-full\"><a href=\"https:\/\/urszulagalazka.eu\/wp-content\/uploads\/2024\/12\/SzczytnoZielonka.jpg\"><img loading=\"lazy\" decoding=\"async\" width=\"1010\" height=\"650\" src=\"https:\/\/urszulagalazka.eu\/wp-content\/uploads\/2024\/12\/SzczytnoZielonka.jpg\" alt=\"\" class=\"wp-image-115\" srcset=\"https:\/\/urszulagalazka.eu\/wp-content\/uploads\/2024\/12\/SzczytnoZielonka.jpg 1010w, https:\/\/urszulagalazka.eu\/wp-content\/uploads\/2024\/12\/SzczytnoZielonka-300x193.jpg 300w, https:\/\/urszulagalazka.eu\/wp-content\/uploads\/2024\/12\/SzczytnoZielonka-768x494.jpg 768w\" sizes=\"auto, (max-width: 1010px) 100vw, 1010px\" \/><\/a><\/figure>\n\n\n\n<figure class=\"wp-block-image size-full\"><a href=\"https:\/\/urszulagalazka.eu\/wp-content\/uploads\/2024\/12\/SzczytnoZielonka2.jpg\"><img loading=\"lazy\" decoding=\"async\" width=\"1020\" height=\"659\" src=\"https:\/\/urszulagalazka.eu\/wp-content\/uploads\/2024\/12\/SzczytnoZielonka2.jpg\" alt=\"\" class=\"wp-image-114\" srcset=\"https:\/\/urszulagalazka.eu\/wp-content\/uploads\/2024\/12\/SzczytnoZielonka2.jpg 1020w, https:\/\/urszulagalazka.eu\/wp-content\/uploads\/2024\/12\/SzczytnoZielonka2-300x194.jpg 300w, https:\/\/urszulagalazka.eu\/wp-content\/uploads\/2024\/12\/SzczytnoZielonka2-768x496.jpg 768w\" sizes=\"auto, (max-width: 1020px) 100vw, 1020px\" \/><\/a><\/figure>\n\n\n\n<h2 class=\"wp-block-heading\">Fotografia otworkowa<\/h2>\n\n\n\n<p>Czarno-bia\u0142e zdj\u0119cie przedstawia wej\u015bcie na Wydzia\u0142 Grafiki na Warszawskiej ASP. Zdj\u0119cie zosta\u0142o postawione na murku a czas na\u015bwietlania skrupulatnie wyliczony.  Oczywi\u015bcie w puszcze powsta\u0142 negatyw, kt\u00f3ry fotografi\u0105 stykow\u0105 zosta\u0142 przekszta\u0142cony w pozytyw, kt\u00f3ry wida\u0107 poni\u017cej.<\/p>\n\n\n\n<figure class=\"wp-block-image size-large\"><a href=\"https:\/\/urszulagalazka.eu\/wp-content\/uploads\/2024\/12\/ASP_WydzGrafiki_1300.jpg\"><img loading=\"lazy\" decoding=\"async\" width=\"1024\" height=\"530\" src=\"https:\/\/urszulagalazka.eu\/wp-content\/uploads\/2024\/12\/ASP_WydzGrafiki_1300-1024x530.jpg\" alt=\"\" class=\"wp-image-69\" srcset=\"https:\/\/urszulagalazka.eu\/wp-content\/uploads\/2024\/12\/ASP_WydzGrafiki_1300-1024x530.jpg 1024w, https:\/\/urszulagalazka.eu\/wp-content\/uploads\/2024\/12\/ASP_WydzGrafiki_1300-300x155.jpg 300w, https:\/\/urszulagalazka.eu\/wp-content\/uploads\/2024\/12\/ASP_WydzGrafiki_1300-768x398.jpg 768w, https:\/\/urszulagalazka.eu\/wp-content\/uploads\/2024\/12\/ASP_WydzGrafiki_1300.jpg 1300w\" sizes=\"auto, (max-width: 1024px) 100vw, 1024px\" \/><\/a><\/figure>\n\n\n\n<p>Kolorowe zdj\u0119cie powsta\u0142o gdy autobus sta\u0142 na \u015bwiat\u0142ach. W\u00f3wczas sam aparat si\u0119 nie rusza\u0142 i zdj\u0119cie na\u015bwietli\u0142o si\u0119 bez ruchu. Oczywi\u015bcie jest to jedno z wielu zdj\u0119\u0107 z ca\u0142ej serii. W tego typu fotografii czasy na\u015bwietlania s\u0105 d\u0142u\u017csze, dlatego tak wa\u017cne jest by aparat podczas na\u015bwietlania  w og\u00f3le si\u0119 nie rusza\u0142.<\/p>\n\n\n\n<figure class=\"wp-block-image size-large\"><a href=\"https:\/\/urszulagalazka.eu\/wp-content\/uploads\/2024\/12\/Kondratowicza_1300.jpg\"><img loading=\"lazy\" decoding=\"async\" width=\"1024\" height=\"560\" src=\"https:\/\/urszulagalazka.eu\/wp-content\/uploads\/2024\/12\/Kondratowicza_1300-1024x560.jpg\" alt=\"\" class=\"wp-image-70\" srcset=\"https:\/\/urszulagalazka.eu\/wp-content\/uploads\/2024\/12\/Kondratowicza_1300-1024x560.jpg 1024w, https:\/\/urszulagalazka.eu\/wp-content\/uploads\/2024\/12\/Kondratowicza_1300-300x164.jpg 300w, https:\/\/urszulagalazka.eu\/wp-content\/uploads\/2024\/12\/Kondratowicza_1300-768x420.jpg 768w, https:\/\/urszulagalazka.eu\/wp-content\/uploads\/2024\/12\/Kondratowicza_1300.jpg 1300w\" sizes=\"auto, (max-width: 1024px) 100vw, 1024px\" \/><\/a><\/figure>\n","protected":false},"excerpt":{"rendered":"<p>Zdj\u0119cia analogowe pozwalaj\u0105 pokaza\u0107 esencje obiektu fotografowanego. Zdj\u0119cia robi\u0119 aparatem z lat 60-tych. Sama decyduj\u0119 o wszystkich parametrach, poniewa\u017c aparat, kt\u00f3rym dysponuje ma \u015bwiat\u0142omierz selenowy, obecnie nie dzia\u0142aj\u0105cy. Opr\u00f3cz tradycyjnej fotografii analogowej u\u017cywa\u0142am fotografii otworkowej (pinhole). Pierwszy aparat w puszcze po napoju, zbudowa\u0142am na warsztatach w trakcie studi\u00f3w. Zrobi\u0142am jeszcze aparat na klisz\u0119 z pude\u0142ka [&hellip;]<\/p>\n","protected":false},"author":1,"featured_media":0,"parent":0,"menu_order":0,"comment_status":"closed","ping_status":"closed","template":"","meta":{"footnotes":""},"class_list":["post-31","page","type-page","status-publish","hentry"],"_links":{"self":[{"href":"https:\/\/urszulagalazka.eu\/index.php?rest_route=\/wp\/v2\/pages\/31","targetHints":{"allow":["GET"]}}],"collection":[{"href":"https:\/\/urszulagalazka.eu\/index.php?rest_route=\/wp\/v2\/pages"}],"about":[{"href":"https:\/\/urszulagalazka.eu\/index.php?rest_route=\/wp\/v2\/types\/page"}],"author":[{"embeddable":true,"href":"https:\/\/urszulagalazka.eu\/index.php?rest_route=\/wp\/v2\/users\/1"}],"replies":[{"embeddable":true,"href":"https:\/\/urszulagalazka.eu\/index.php?rest_route=%2Fwp%2Fv2%2Fcomments&post=31"}],"version-history":[{"count":11,"href":"https:\/\/urszulagalazka.eu\/index.php?rest_route=\/wp\/v2\/pages\/31\/revisions"}],"predecessor-version":[{"id":548,"href":"https:\/\/urszulagalazka.eu\/index.php?rest_route=\/wp\/v2\/pages\/31\/revisions\/548"}],"wp:attachment":[{"href":"https:\/\/urszulagalazka.eu\/index.php?rest_route=%2Fwp%2Fv2%2Fmedia&parent=31"}],"curies":[{"name":"wp","href":"https:\/\/api.w.org\/{rel}","templated":true}]}}