{"id":2,"date":"2024-12-08T17:32:50","date_gmt":"2024-12-08T16:32:50","guid":{"rendered":"http:\/\/urszulagalazka.eu\/?page_id=2"},"modified":"2026-03-27T10:36:28","modified_gmt":"2026-03-27T09:36:28","slug":"przykladowa-strona","status":"publish","type":"page","link":"https:\/\/urszulagalazka.eu\/?page_id=2","title":{"rendered":"O mnie"},"content":{"rendered":"\n<h2 class=\"wp-block-heading\">Dzie\u0144 dobry<\/h2>\n\n\n\n<p>Nazywam si\u0119 Urszula Ga\u0142\u0105zka. Artystk\u0105 by\u0142am ca\u0142e \u017cycie, chocia\u017c dopiero teraz przyznaj\u0119 si\u0119 do tego i mog\u0119 zajmowa\u0107 si\u0119 tym profesjonalnie. Mnogo\u015b\u0107 wielo\u015bci to idea oddaj\u0105ca moje wykszta\u0142cenie &#8211; cz\u0119\u015bciowo techniczne a cz\u0119\u015bciowo artystyczne. Tak wi\u0119c umiem mierzy\u0107, liczy\u0107 i planowa\u0107 ale r\u00f3wnie\u017c r\u00f3wnie\u017c maluj\u0119, rysuj\u0119 i fotografuj\u0119. Tworz\u0119 bi\u017cuteri\u0119, wycinam, sklejam i eksperymentuje ze sztuk\u0105 w r\u00f3\u017cnych jej przejawach.<\/p>\n\n\n\n<p>Artystyczne szlify zdobywa\u0142am na Wydziale Grafiki na ASP w Warszawie. Tam mia\u0142am okazj\u0119 zapozna\u0107 si\u0119 z technikami eksperymentalnymi fotografii, technikami grafiki warsztatowej, rysunkiem, w tym na du\u017cych formatach (chocia\u017cby 100&#215;140 cm) a tak\u017ce malarstwem olejnym. W ramach swojej pracy licencjackiej wykona\u0142am ksi\u0105\u017ck\u0119 z ilustracjami do w\u0142asnor\u0119cznie napisanych wierszy oraz instalacj\u0119 multimedialn\u0105 z animacj\u0105 nawi\u0105zuj\u0105c\u0105 do wierszy i ilustracji wykonanej ksi\u0105\u017cki. Ca\u0142o\u015b\u0107 dope\u0142nia\u0142a seria malarstwa olejnego pod tytu\u0142em: &#8222;Spocznij tu gdzie ogr\u00f3d Ci\u0119 otula&#8221;, wykonana w ramach aneksu z malarstwa.<\/p>\n\n\n\n<p>Mo\u017cna wi\u0119c powiedzie\u0107, \u017ce jestem \u015bwie\u017co upieczon\u0105 artystk\u0105 z dyplomem. Owszem ale te\u017c pe\u0142n\u0105 zapa\u0142u i wielu pomys\u0142\u00f3w. Kt\u00f3re mam nadziej\u0119, b\u0119dziecie mogli \u015bledzi\u0107 tutaj a tak\u017ce na moim koncie na <a href=\"https:\/\/www.instagram.com\/urszula_art_and_diy\/\" data-type=\"link\" data-id=\"https:\/\/www.instagram.com\/urszula_art_and_diy\/\">Instagramie<\/a>.<\/p>\n\n\n\n<p><strong>Fotografia<\/strong> to moje hobby, moja pasja. Fotografuj\u0119 analogowo Mirand\u0105 z lat 60-tych ale te\u017c i cyfrowo: tym co mam akurat pod r\u0119k\u0105: lusterkowcem, hybryd\u0105 a bywa, \u017ce i kom\u00f3rk\u0105. Przyroda, kolory, obiekty, kt\u00f3re wygl\u0105daj\u0105 inaczej ni\u017c zwykle to jest m\u00f3j \u017cywio\u0142. Chodz\u0119, przygl\u0105dam si\u0119, podziwiam a potem fotografuj\u0119. Cz\u0119sto moje fotografie przypominaj\u0105 obrazy malarskie &#8211; kontrastowe kolory, ciekawe \u015bwiat\u0142o, kompozycja. <\/p>\n\n\n\n<p>Fotografia przenika czasem si\u0119 z <strong>malarstwem<\/strong>, kt\u00f3re jest kolejn\u0105 moj\u0105 pasj\u0105. Specjalizuj\u0119 si\u0119 w malowaniu martwej natury ale tworz\u0119 te\u017c nieistniej\u0105ce \u015bwiaty jak w cyklu &#8222;Spocznij tu gdzie ogr\u00f3d Ci\u0119 otula&#8221;. Mam \u015bwietne oko do kolor\u00f3w, musz\u0119 tylko spojrze\u0107 na obiekt potem na farby i ju\u017c wiem  &#8211; jedna kropla tego, jedna drugiego i trzy trzeciego koloru. R\u00f3wnie\u017c \u015bwietnie  dopasowuj\u0119 kolory do siebie, nie tylko na obrazie ale te\u017c w codziennym \u017cyciu &#8211; dobieranie mebli, ubra\u0144 i tworzenie bi\u017cuterii w odpowiednim nastroju.<\/p>\n\n\n\n<p>Rysuj\u0119 prawie zawsze i wsz\u0119dzie. Mam wiele r\u00f3\u017cnej wielko\u015bci szkicownik\u00f3w i nie ruszam si\u0119 z domu bez jednego z nich. Cz\u0119sto jest to format kieszonkowy, kt\u00f3ry \u0142atwo mie\u015bci si\u0119 w torebce, plecaku czy kieszeni. Autobus, poczekalnia &#8211; rysowa\u0107 mo\u017cna wsz\u0119dzie. Moje g\u0142\u00f3wne narz\u0119dzie to pisaki, rysuje szybko, czasem szkicowo &#8211; wystarczy, \u017ce przyjdzie pomys\u0142 do g\u0142owy i w trakcie jazdy autobusem powstaje kilka rysunk\u00f3w. Kiedy mam czas i przestrze\u0144 bardzo lubi\u0119 w\u0119giel i suche pastele ale te trafiaj\u0105 zwykle na wi\u0119kszy format. <\/p>\n\n\n\n<p id=\"omnie\">Kreatywno\u015b\u0107 by\u0142a i jest obecna w moim \u017cyciu. Kocham tworzy\u0107 r\u00f3\u017cne rzeczy, lubi\u0119 dzia\u0142a\u0107 od pocz\u0105tku do ko\u0144ca. Ch\u0119tnie podejm\u0119 wsp\u00f3\u0142prac\u0119 w zakresie sk\u0142adu materia\u0142\u00f3w do druku, wykonywania fotografii jak r\u00f3wnie\u017c w wykonaniu spontanicznych rysunk\u00f3w pisakami. <\/p>\n\n\n\n<p>Prywatnie lubi\u0119 spacery, podziwiam przyrod\u0119 i architektur\u0119. Czytam ksi\u0105\u017cki, chodz\u0119 na wystawy i ci\u0105gle si\u0119 ucz\u0119, ucz\u0119, ucz\u0119&#8230;<\/p>\n\n\n\n<p>Je\u015bli chcesz si\u0119 ze mn\u0105 skontaktowa\u0107 pisz na adres: <a href=\"mailto:jakula@poczta.fm\">jakula@poczta.fm<\/a> <\/p>\n\n\n\n<p><\/p>\n","protected":false},"excerpt":{"rendered":"<p>Dzie\u0144 dobry Nazywam si\u0119 Urszula Ga\u0142\u0105zka. Artystk\u0105 by\u0142am ca\u0142e \u017cycie, chocia\u017c dopiero teraz przyznaj\u0119 si\u0119 do tego i mog\u0119 zajmowa\u0107 si\u0119 tym profesjonalnie. Mnogo\u015b\u0107 wielo\u015bci to idea oddaj\u0105ca moje wykszta\u0142cenie &#8211; cz\u0119\u015bciowo techniczne a cz\u0119\u015bciowo artystyczne. Tak wi\u0119c umiem mierzy\u0107, liczy\u0107 i planowa\u0107 ale r\u00f3wnie\u017c r\u00f3wnie\u017c maluj\u0119, rysuj\u0119 i fotografuj\u0119. Tworz\u0119 bi\u017cuteri\u0119, wycinam, sklejam i [&hellip;]<\/p>\n","protected":false},"author":1,"featured_media":0,"parent":0,"menu_order":0,"comment_status":"closed","ping_status":"open","template":"","meta":{"footnotes":""},"class_list":["post-2","page","type-page","status-publish","hentry"],"_links":{"self":[{"href":"https:\/\/urszulagalazka.eu\/index.php?rest_route=\/wp\/v2\/pages\/2","targetHints":{"allow":["GET"]}}],"collection":[{"href":"https:\/\/urszulagalazka.eu\/index.php?rest_route=\/wp\/v2\/pages"}],"about":[{"href":"https:\/\/urszulagalazka.eu\/index.php?rest_route=\/wp\/v2\/types\/page"}],"author":[{"embeddable":true,"href":"https:\/\/urszulagalazka.eu\/index.php?rest_route=\/wp\/v2\/users\/1"}],"replies":[{"embeddable":true,"href":"https:\/\/urszulagalazka.eu\/index.php?rest_route=%2Fwp%2Fv2%2Fcomments&post=2"}],"version-history":[{"count":6,"href":"https:\/\/urszulagalazka.eu\/index.php?rest_route=\/wp\/v2\/pages\/2\/revisions"}],"predecessor-version":[{"id":559,"href":"https:\/\/urszulagalazka.eu\/index.php?rest_route=\/wp\/v2\/pages\/2\/revisions\/559"}],"wp:attachment":[{"href":"https:\/\/urszulagalazka.eu\/index.php?rest_route=%2Fwp%2Fv2%2Fmedia&parent=2"}],"curies":[{"name":"wp","href":"https:\/\/api.w.org\/{rel}","templated":true}]}}