{"id":157,"date":"2024-12-23T09:30:16","date_gmt":"2024-12-23T08:30:16","guid":{"rendered":"https:\/\/urszulagalazka.eu\/?page_id=157"},"modified":"2026-03-24T10:23:09","modified_gmt":"2026-03-24T09:23:09","slug":"fotografia-cyfrowa","status":"publish","type":"page","link":"https:\/\/urszulagalazka.eu\/?page_id=157","title":{"rendered":"Fotografia cyfrowa"},"content":{"rendered":"\n<p>Bardzo lubi\u0119 robi\u0107 zdj\u0119cia. Czasami mam wra\u017cenie, \u017ce niekt\u00f3re przedmioty same mnie znajduj\u0105. Tak jak futurystyczna lampa w hotelu w Gruzji, czy mieni\u0105cy si\u0119 kolorami \u017cuczek na dzia\u0142ce.<\/p>\n\n\n\n<p>Robi\u0119 zdj\u0119\u0107 du\u017co, potem wybieram najlepsze, niekt\u00f3re kasuj\u0119. Kiedy robi\u0119 zdj\u0119cie to tak jak bym malowa\u0142a obraz na szybko. Ustawiam aparat, szukam uj\u0119cia i po naci\u015bni\u0119ciu spustu migawki ju\u017c je mam. Czasami faktycznie robi\u0119 zdj\u0119cia z my\u015bl\u0105, \u017ce kiedy\u015b to namaluj\u0119.<\/p>\n\n\n\n<p>W wakacje lubimy podr\u00f3\u017cowa\u0107 rodzin\u0105. Oczywi\u015bcie ja i m\u0105\u017c lubimy objazd\u00f3wki a syn woli wakacje z morzem. W trakcie tych naszych wypraw ka\u017cdy ma sw\u00f3j aparat i robi swoje zdj\u0119cia. Lubi\u0119 fotografowa\u0107 architektur\u0119 ale szukam te\u017c nietypowych uj\u0119\u0107. Cz\u0119sto temat\u00f3w dostarcza nam przyroda. <\/p>\n\n\n\n<p>Tak si\u0119 jako\u015b z\u0142o\u017cy\u0142o, \u017ce u nas ca\u0142a rodzina fotografuj\u0119 i ka\u017cdy ma sw\u00f3j prywatny aparat. Co ciekawe, ka\u017cdy z nas ma swoje ulubione tematy. Ju\u017c drugi rok robi\u0119 kalendarz z naszymi zdj\u0119ciami. Ka\u017cdy mo\u017ce zaj\u0105\u0107 cztery miesi\u0105ce. Podpisywa\u0142am zdj\u0119cia w pierwszym kalendarzu, ale w drugim ju\u017c nie musia\u0142am tego robi\u0107. I tak by\u0142o wiadomo czyje jest czyje.<\/p>\n\n\n\n<p>Opr\u00f3cz klasycznych zdj\u0119\u0107 cyfrowych u\u017cywam aparatu hybrydowego instax mini evo. Pozwala na drukowanie zdj\u0119\u0107 ale r\u00f3wnie\u017c pozwala doda\u0107 ciekawe efekty w trakcie robienie zdj\u0119\u0107 jak np. lustro czy podw\u00f3jna ekspozycja.<\/p>\n\n\n\n<h2 class=\"wp-block-heading\">Fotografia cyfrowa<\/h2>\n\n\n\n<figure class=\"wp-block-gallery has-nested-images columns-default is-cropped wp-block-gallery-1 is-layout-flex wp-block-gallery-is-layout-flex\">\n<figure class=\"wp-block-image size-large\"><a href=\"https:\/\/urszulagalazka.eu\/wp-content\/uploads\/2024\/12\/GruzjaWinnica1024.jpg\"><img loading=\"lazy\" decoding=\"async\" width=\"1024\" height=\"768\" data-id=\"160\" src=\"https:\/\/urszulagalazka.eu\/wp-content\/uploads\/2024\/12\/GruzjaWinnica1024.jpg\" alt=\"\" class=\"wp-image-160\" srcset=\"https:\/\/urszulagalazka.eu\/wp-content\/uploads\/2024\/12\/GruzjaWinnica1024.jpg 1024w, https:\/\/urszulagalazka.eu\/wp-content\/uploads\/2024\/12\/GruzjaWinnica1024-300x225.jpg 300w, https:\/\/urszulagalazka.eu\/wp-content\/uploads\/2024\/12\/GruzjaWinnica1024-768x576.jpg 768w\" sizes=\"auto, (max-width: 1024px) 100vw, 1024px\" \/><\/a><\/figure>\n\n\n\n<figure class=\"wp-block-image size-large\"><a href=\"https:\/\/urszulagalazka.eu\/wp-content\/uploads\/2024\/12\/GruzjaBudynekHistoryczny1024.jpg\"><img loading=\"lazy\" decoding=\"async\" width=\"768\" height=\"1024\" data-id=\"161\" src=\"https:\/\/urszulagalazka.eu\/wp-content\/uploads\/2024\/12\/GruzjaBudynekHistoryczny1024.jpg\" alt=\"\" class=\"wp-image-161\" srcset=\"https:\/\/urszulagalazka.eu\/wp-content\/uploads\/2024\/12\/GruzjaBudynekHistoryczny1024.jpg 768w, https:\/\/urszulagalazka.eu\/wp-content\/uploads\/2024\/12\/GruzjaBudynekHistoryczny1024-225x300.jpg 225w\" sizes=\"auto, (max-width: 768px) 100vw, 768px\" \/><\/a><\/figure>\n\n\n\n<figure class=\"wp-block-image size-large\"><a href=\"https:\/\/urszulagalazka.eu\/wp-content\/uploads\/2024\/12\/Zuczek1024.jpg\"><img loading=\"lazy\" decoding=\"async\" width=\"1024\" height=\"768\" data-id=\"163\" src=\"https:\/\/urszulagalazka.eu\/wp-content\/uploads\/2024\/12\/Zuczek1024.jpg\" alt=\"\" class=\"wp-image-163\" srcset=\"https:\/\/urszulagalazka.eu\/wp-content\/uploads\/2024\/12\/Zuczek1024.jpg 1024w, https:\/\/urszulagalazka.eu\/wp-content\/uploads\/2024\/12\/Zuczek1024-300x225.jpg 300w, https:\/\/urszulagalazka.eu\/wp-content\/uploads\/2024\/12\/Zuczek1024-768x576.jpg 768w\" sizes=\"auto, (max-width: 1024px) 100vw, 1024px\" \/><\/a><\/figure>\n\n\n\n<figure class=\"wp-block-image size-large\"><a href=\"https:\/\/urszulagalazka.eu\/wp-content\/uploads\/2024\/12\/SwiatlaGruzja1014.jpg\"><img loading=\"lazy\" decoding=\"async\" width=\"1024\" height=\"768\" data-id=\"159\" src=\"https:\/\/urszulagalazka.eu\/wp-content\/uploads\/2024\/12\/SwiatlaGruzja1014.jpg\" alt=\"\" class=\"wp-image-159\" srcset=\"https:\/\/urszulagalazka.eu\/wp-content\/uploads\/2024\/12\/SwiatlaGruzja1014.jpg 1024w, https:\/\/urszulagalazka.eu\/wp-content\/uploads\/2024\/12\/SwiatlaGruzja1014-300x225.jpg 300w, https:\/\/urszulagalazka.eu\/wp-content\/uploads\/2024\/12\/SwiatlaGruzja1014-768x576.jpg 768w\" sizes=\"auto, (max-width: 1024px) 100vw, 1024px\" \/><\/a><\/figure>\n\n\n\n<figure class=\"wp-block-image size-large\"><a href=\"https:\/\/urszulagalazka.eu\/wp-content\/uploads\/2024\/12\/WarszawaZGory1024.jpg\"><img loading=\"lazy\" decoding=\"async\" width=\"1024\" height=\"768\" data-id=\"162\" src=\"https:\/\/urszulagalazka.eu\/wp-content\/uploads\/2024\/12\/WarszawaZGory1024.jpg\" alt=\"\" class=\"wp-image-162\" srcset=\"https:\/\/urszulagalazka.eu\/wp-content\/uploads\/2024\/12\/WarszawaZGory1024.jpg 1024w, https:\/\/urszulagalazka.eu\/wp-content\/uploads\/2024\/12\/WarszawaZGory1024-300x225.jpg 300w, https:\/\/urszulagalazka.eu\/wp-content\/uploads\/2024\/12\/WarszawaZGory1024-768x576.jpg 768w\" sizes=\"auto, (max-width: 1024px) 100vw, 1024px\" \/><\/a><\/figure>\n<\/figure>\n\n\n\n<h2 class=\"wp-block-heading\">Fotografia aparatem hybrydowym<\/h2>\n\n\n\n<figure class=\"wp-block-gallery has-nested-images columns-default is-cropped wp-block-gallery-2 is-layout-flex wp-block-gallery-is-layout-flex\">\n<figure class=\"wp-block-image size-large\"><a href=\"https:\/\/urszulagalazka.eu\/wp-content\/uploads\/2024\/12\/piana1024.jpg\"><img loading=\"lazy\" decoding=\"async\" width=\"768\" height=\"1024\" data-id=\"95\" src=\"https:\/\/urszulagalazka.eu\/wp-content\/uploads\/2024\/12\/piana1024.jpg\" alt=\"\" class=\"wp-image-95\" srcset=\"https:\/\/urszulagalazka.eu\/wp-content\/uploads\/2024\/12\/piana1024.jpg 768w, https:\/\/urszulagalazka.eu\/wp-content\/uploads\/2024\/12\/piana1024-225x300.jpg 225w\" sizes=\"auto, (max-width: 768px) 100vw, 768px\" \/><\/a><\/figure>\n\n\n\n<figure class=\"wp-block-image size-large\"><a href=\"https:\/\/urszulagalazka.eu\/wp-content\/uploads\/2024\/12\/dmuchawiec1024.jpg\"><img loading=\"lazy\" decoding=\"async\" width=\"768\" height=\"1024\" data-id=\"96\" src=\"https:\/\/urszulagalazka.eu\/wp-content\/uploads\/2024\/12\/dmuchawiec1024.jpg\" alt=\"\" class=\"wp-image-96\" srcset=\"https:\/\/urszulagalazka.eu\/wp-content\/uploads\/2024\/12\/dmuchawiec1024.jpg 768w, https:\/\/urszulagalazka.eu\/wp-content\/uploads\/2024\/12\/dmuchawiec1024-225x300.jpg 225w\" sizes=\"auto, (max-width: 768px) 100vw, 768px\" \/><\/a><\/figure>\n\n\n\n<figure class=\"wp-block-image size-large\"><a href=\"https:\/\/urszulagalazka.eu\/wp-content\/uploads\/2024\/12\/ulica_1024.jpg\"><img loading=\"lazy\" decoding=\"async\" width=\"768\" height=\"1024\" data-id=\"97\" src=\"https:\/\/urszulagalazka.eu\/wp-content\/uploads\/2024\/12\/ulica_1024.jpg\" alt=\"\" class=\"wp-image-97\" srcset=\"https:\/\/urszulagalazka.eu\/wp-content\/uploads\/2024\/12\/ulica_1024.jpg 768w, https:\/\/urszulagalazka.eu\/wp-content\/uploads\/2024\/12\/ulica_1024-225x300.jpg 225w\" sizes=\"auto, (max-width: 768px) 100vw, 768px\" \/><\/a><\/figure>\n\n\n\n<figure class=\"wp-block-image size-large\"><a href=\"https:\/\/urszulagalazka.eu\/wp-content\/uploads\/2024\/12\/drzewa_1024.jpg\"><img loading=\"lazy\" decoding=\"async\" width=\"768\" height=\"1024\" data-id=\"99\" src=\"https:\/\/urszulagalazka.eu\/wp-content\/uploads\/2024\/12\/drzewa_1024.jpg\" alt=\"\" class=\"wp-image-99\" srcset=\"https:\/\/urszulagalazka.eu\/wp-content\/uploads\/2024\/12\/drzewa_1024.jpg 768w, https:\/\/urszulagalazka.eu\/wp-content\/uploads\/2024\/12\/drzewa_1024-225x300.jpg 225w\" sizes=\"auto, (max-width: 768px) 100vw, 768px\" \/><\/a><\/figure>\n\n\n\n<figure class=\"wp-block-image size-large\"><a href=\"https:\/\/urszulagalazka.eu\/wp-content\/uploads\/2024\/12\/blok_1024.jpg\"><img loading=\"lazy\" decoding=\"async\" width=\"768\" height=\"1024\" data-id=\"98\" src=\"https:\/\/urszulagalazka.eu\/wp-content\/uploads\/2024\/12\/blok_1024.jpg\" alt=\"\" class=\"wp-image-98\" srcset=\"https:\/\/urszulagalazka.eu\/wp-content\/uploads\/2024\/12\/blok_1024.jpg 768w, https:\/\/urszulagalazka.eu\/wp-content\/uploads\/2024\/12\/blok_1024-225x300.jpg 225w\" sizes=\"auto, (max-width: 768px) 100vw, 768px\" \/><\/a><\/figure>\n<\/figure>\n","protected":false},"excerpt":{"rendered":"<p>Bardzo lubi\u0119 robi\u0107 zdj\u0119cia. Czasami mam wra\u017cenie, \u017ce niekt\u00f3re przedmioty same mnie znajduj\u0105. Tak jak futurystyczna lampa w hotelu w Gruzji, czy mieni\u0105cy si\u0119 kolorami \u017cuczek na dzia\u0142ce. Robi\u0119 zdj\u0119\u0107 du\u017co, potem wybieram najlepsze, niekt\u00f3re kasuj\u0119. Kiedy robi\u0119 zdj\u0119cie to tak jak bym malowa\u0142a obraz na szybko. Ustawiam aparat, szukam uj\u0119cia i po naci\u015bni\u0119ciu spustu [&hellip;]<\/p>\n","protected":false},"author":1,"featured_media":0,"parent":0,"menu_order":0,"comment_status":"closed","ping_status":"closed","template":"","meta":{"footnotes":""},"class_list":["post-157","page","type-page","status-publish","hentry"],"_links":{"self":[{"href":"https:\/\/urszulagalazka.eu\/index.php?rest_route=\/wp\/v2\/pages\/157","targetHints":{"allow":["GET"]}}],"collection":[{"href":"https:\/\/urszulagalazka.eu\/index.php?rest_route=\/wp\/v2\/pages"}],"about":[{"href":"https:\/\/urszulagalazka.eu\/index.php?rest_route=\/wp\/v2\/types\/page"}],"author":[{"embeddable":true,"href":"https:\/\/urszulagalazka.eu\/index.php?rest_route=\/wp\/v2\/users\/1"}],"replies":[{"embeddable":true,"href":"https:\/\/urszulagalazka.eu\/index.php?rest_route=%2Fwp%2Fv2%2Fcomments&post=157"}],"version-history":[{"count":4,"href":"https:\/\/urszulagalazka.eu\/index.php?rest_route=\/wp\/v2\/pages\/157\/revisions"}],"predecessor-version":[{"id":547,"href":"https:\/\/urszulagalazka.eu\/index.php?rest_route=\/wp\/v2\/pages\/157\/revisions\/547"}],"wp:attachment":[{"href":"https:\/\/urszulagalazka.eu\/index.php?rest_route=%2Fwp%2Fv2%2Fmedia&parent=157"}],"curies":[{"name":"wp","href":"https:\/\/api.w.org\/{rel}","templated":true}]}}